{"id":13,"date":"2017-06-07T11:24:06","date_gmt":"2017-06-07T09:24:06","guid":{"rendered":"https:\/\/www.motorradvermietung.de\/frankfurt\/?page_id=13"},"modified":"2021-02-15T14:55:59","modified_gmt":"2021-02-15T13:55:59","slug":"reservierung","status":"publish","type":"page","link":"https:\/\/www.motorradvermietung.de\/frankfurt\/de\/motorraeder\/reservierung","title":{"rendered":"Reservierung"},"content":{"rendered":"<p><\/p>\n<p class=\"editor__intro\">Bitte f\u00fcllen Sie das nachfolgende Formular aus, um die Reservierungsanfrage abzusenden.<\/p>\n<p>Eine verbindliche Reservierung ist nur mit einer Anzahlung (30% des Mietpreises mindestens jedoch 100,00 \u20ac) m\u00f6glich. Falls Sie nur eine Anfrage zur Verf\u00fcgbarkeit stellen wollen, nutzen Sie bitte unsere Buchungsanfrage. Nach Absenden des Formulares erhalten Sie eine Best\u00e4tigungsmail zu Ihrer Buchung. Daraufhin erhalten Sie per E-Mail einen Link zum Buchungsformular.<\/p>\n<p>Sollten Sie Ihre Reserveriung stornieren m\u00fcssen, gelten folgende <a href=\"https:\/\/www.motorradvermietung.de\/frankfurt\/allgemeine-geschaeftsbedingungen\">Bedingungen<\/a>.<br \/>\nSollten Sie Fragen haben, k\u00f6nnen Sie uns jederzeit kontaktieren. Wir beraten Sie gerne!<br \/>\nEine kompakte Preis\u00fcbersicht und Preisvergleiche finden Sie unter <a href=\"https:\/\/www.motorradvermietung.de\/frankfurt\/tarife\/\">Tarife<\/a>.<\/p>\n<p>&nbsp;<\/p>","protected":false},"excerpt":{"rendered":"<p>Bitte f\u00fcllen Sie das nachfolgende Formular aus, um die Reservierungsanfrage abzusenden. Eine verbindliche Reservierung ist nur mit einer Anzahlung (30% des Mietpreises mindestens jedoch 100,00 \u20ac) m\u00f6glich. Falls Sie nur eine Anfrage zur Verf\u00fcgbarkeit stellen wollen, nutzen Sie bitte unsere Buchungsanfrage. Nach Absenden des Formulares erhalten Sie eine Best\u00e4tigungsmail zu Ihrer Buchung. Daraufhin erhalten Sie [&hellip;]<\/p>\n","protected":false},"author":1,"featured_media":0,"parent":9,"menu_order":0,"comment_status":"closed","ping_status":"closed","template":"page-reservation.php","meta":{"footnotes":""},"class_list":["post-13","page","type-page","status-publish","hentry"],"aioseo_notices":[],"_links":{"self":[{"href":"https:\/\/www.motorradvermietung.de\/frankfurt\/de\/wp-json\/wp\/v2\/pages\/13","targetHints":{"allow":["GET"]}}],"collection":[{"href":"https:\/\/www.motorradvermietung.de\/frankfurt\/de\/wp-json\/wp\/v2\/pages"}],"about":[{"href":"https:\/\/www.motorradvermietung.de\/frankfurt\/de\/wp-json\/wp\/v2\/types\/page"}],"author":[{"embeddable":true,"href":"https:\/\/www.motorradvermietung.de\/frankfurt\/de\/wp-json\/wp\/v2\/users\/1"}],"replies":[{"embeddable":true,"href":"https:\/\/www.motorradvermietung.de\/frankfurt\/de\/wp-json\/wp\/v2\/comments?post=13"}],"version-history":[{"count":15,"href":"https:\/\/www.motorradvermietung.de\/frankfurt\/de\/wp-json\/wp\/v2\/pages\/13\/revisions"}],"predecessor-version":[{"id":334,"href":"https:\/\/www.motorradvermietung.de\/frankfurt\/de\/wp-json\/wp\/v2\/pages\/13\/revisions\/334"}],"up":[{"embeddable":true,"href":"https:\/\/www.motorradvermietung.de\/frankfurt\/de\/wp-json\/wp\/v2\/pages\/9"}],"wp:attachment":[{"href":"https:\/\/www.motorradvermietung.de\/frankfurt\/de\/wp-json\/wp\/v2\/media?parent=13"}],"curies":[{"name":"wp","href":"https:\/\/api.w.org\/{rel}","templated":true}]}}