{"id":17,"date":"2017-06-07T11:24:44","date_gmt":"2017-06-07T09:24:44","guid":{"rendered":"https:\/\/www.motorradvermietung.de\/frankfurt\/?page_id=17"},"modified":"2024-03-06T15:17:27","modified_gmt":"2024-03-06T14:17:27","slug":"anreise","status":"publish","type":"page","link":"https:\/\/www.motorradvermietung.de\/frankfurt\/de\/anreise","title":{"rendered":"Anreise"},"content":{"rendered":"<p><\/p>\n<h3><img loading=\"lazy\" decoding=\"async\" class=\"alignright wp-image-61 size-full\" src=\"https:\/\/www.motorradvermietung.de\/frankfurt\/wp-content\/uploads\/sites\/3\/2017\/06\/anfahrtsskizze.jpg\" alt=\"\" width=\"318\" height=\"343\" srcset=\"https:\/\/www.motorradvermietung.de\/frankfurt\/wp-content\/uploads\/sites\/3\/2017\/06\/anfahrtsskizze.jpg 318w, https:\/\/www.motorradvermietung.de\/frankfurt\/wp-content\/uploads\/sites\/3\/2017\/06\/anfahrtsskizze-278x300.jpg 278w\" sizes=\"auto, (max-width: 318px) 100vw, 318px\" \/>Anschrift<\/h3>\n<p>Allround Vermietung<br \/>\nMax-Holder-Str. 5<br \/>\n60437 Frankfurt<br \/>\n(Info: Besitzer \u00e4lterer Navigationsger\u00e4te geben bitte Heinrich-Lanz-Allee ein.)<\/p>\n<h3>\u00d6ffnungszeiten<\/h3>\n<p>Mo &#8211; Fr: 10:00 &#8211; 19:00 Uhr (1. April &#8211; Ende Oktober)<br \/>\nMo &#8211; Fr:: 10:00 &#8211; 18:00 Uhr (1. November &#8211; Ende M\u00e4rz)<br \/>\nSamstag: 10:00 &#8211; 14:00 Uhr (ganzj\u00e4hrig)<\/p>\n<p>November, Dezember und Januar montags geschlossen<\/p>\n<h3>Anfahrt<\/h3>\n<p><strong>Vom Flughafen, mit Taxi:<\/strong> Anfahrt vom Flughafen Frankfurt International Airport mit dem Taxi f\u00fcr ca. 38,- \u20ac; 15 Minuten Dauer<\/p>\n<p><strong>Vom Flughafen, mit \u00f6ffentlichen Verkehrsmitteln:<\/strong> Ab Flughafen Frankfurt International Airport mit der S8 oder S9 bis Hauptwache. Dort umsteigen in U2 Richtung Bad Homburg bis Haltestelle Kalbach. Von dort 10 Minuten zu Fu\u00df Richtung Kalbach \/ MC Donalds.<\/p>\n<p>Oder nutzen sie den <a href=\"http:\/\/maps.google.de\/maps?f=d&amp;source=s_d&amp;saddr=&amp;daddr=Germany,60437+Frankfurt,Max-Holder-Str.+5&amp;hl=de&amp;geocode=&amp;mra=ls&amp;sll=51.696814,10.231351&amp;sspn=9.730382,22.719727&amp;ie=UTF8&amp;z=16\" target=\"_blank\" rel=\"noopener noreferrer\">Online Routenplaner<\/a> um Ihre Strecke zu Allround Motorradvermietung zu berechnen.<\/p>\n<div class=\"brlbs-cmpnt-container brlbs-cmpnt-content-blocker brlbs-cmpnt-with-individual-styles\" data-borlabs-cookie-content-blocker-id=\"default\" data-borlabs-cookie-content=\"PGlmcmFtZSBzdHlsZT0iYm9yZGVyOiAwOyIgc3JjPSJodHRwczovL3d3dy5nb29nbGUuY29tL21hcHMvZW1iZWQ\/cGI9ITFtMTghMW0xMiExbTMhMWQyNTU0LjQ5MjY4NTA5MTI5MyEyZDguNjQ4NDc3MjUxMjA4NjM0ITNkNTAuMTg5MzIxMDEzOTI2MTUhMm0zITFmMCEyZjAhM2YwITNtMiExaTEwMjQhMmk3NjghNGYxMy4xITNtMyExbTIhMXMweDQ3YmQwODgyZGRmN2VhMjclM0EweDJjYmNlYTRiYzhlZDZjZDYhMnNNYXgtSG9sZGVyLVN0cmElQzMlOUZlJTIwNSUyQyUyMDYwNDM3JTIwRnJhbmtmdXJ0JTIwYW0lMjBNYWluITVlMCEzbTIhMXNkZSEyc2RlITR2MTY3NTE2MzQwOTA0NyE1bTIhMXNkZSEyc2RlIiB3aWR0aD0iMTAwJSIgaGVpZ2h0PSI0NTAiIGFsbG93ZnVsbHNjcmVlbj0iYWxsb3dmdWxsc2NyZWVuIj48L2lmcmFtZT4=\">\n<div class=\"brlbs-cmpnt-cb-preset-a\">\n<p class=\"brlbs-cmpnt-cb-description\">Sie sehen gerade einen Platzhalterinhalt von <strong>Standard<\/strong>. Um auf den eigentlichen Inhalt zuzugreifen, klicken Sie auf den Button unten. Bitte beachten Sie, dass dabei Daten an Drittanbieter weitergegeben werden.<\/p>\n<div class=\"brlbs-cmpnt-cb-buttons\"> <a class=\"brlbs-cmpnt-cb-btn\" href=\"#\" data-borlabs-cookie-unblock role=\"button\">Inhalt entsperren<\/a> <a class=\"brlbs-cmpnt-cb-btn\" href=\"#\" data-borlabs-cookie-accept-service role=\"button\" style=\"display: none\">Erforderlichen Service akzeptieren und Inhalte entsperren<\/a> <\/div>\n<p> <a class=\"brlbs-cmpnt-cb-provider-toggle\" href=\"#\" data-borlabs-cookie-show-provider-information role=\"button\">Weitere Informationen<\/a> <\/div>\n<\/div>\n<p><\/p>","protected":false},"excerpt":{"rendered":"<p>Anschrift Allround Vermietung Max-Holder-Str. 5 60437 Frankfurt (Info: Besitzer \u00e4lterer Navigationsger\u00e4te geben bitte Heinrich-Lanz-Allee ein.) \u00d6ffnungszeiten Mo &#8211; Fr: 10:00 &#8211; 19:00 Uhr (1. April &#8211; Ende Oktober) Mo &#8211; Fr:: 10:00 &#8211; 18:00 Uhr (1. November &#8211; Ende M\u00e4rz) Samstag: 10:00 &#8211; 14:00 Uhr (ganzj\u00e4hrig) November, Dezember und Januar montags geschlossen Anfahrt Vom Flughafen, [&hellip;]<\/p>\n","protected":false},"author":1,"featured_media":0,"parent":0,"menu_order":0,"comment_status":"closed","ping_status":"closed","template":"","meta":{"footnotes":""},"class_list":["post-17","page","type-page","status-publish","hentry"],"aioseo_notices":[],"_links":{"self":[{"href":"https:\/\/www.motorradvermietung.de\/frankfurt\/de\/wp-json\/wp\/v2\/pages\/17","targetHints":{"allow":["GET"]}}],"collection":[{"href":"https:\/\/www.motorradvermietung.de\/frankfurt\/de\/wp-json\/wp\/v2\/pages"}],"about":[{"href":"https:\/\/www.motorradvermietung.de\/frankfurt\/de\/wp-json\/wp\/v2\/types\/page"}],"author":[{"embeddable":true,"href":"https:\/\/www.motorradvermietung.de\/frankfurt\/de\/wp-json\/wp\/v2\/users\/1"}],"replies":[{"embeddable":true,"href":"https:\/\/www.motorradvermietung.de\/frankfurt\/de\/wp-json\/wp\/v2\/comments?post=17"}],"version-history":[{"count":20,"href":"https:\/\/www.motorradvermietung.de\/frankfurt\/de\/wp-json\/wp\/v2\/pages\/17\/revisions"}],"predecessor-version":[{"id":397,"href":"https:\/\/www.motorradvermietung.de\/frankfurt\/de\/wp-json\/wp\/v2\/pages\/17\/revisions\/397"}],"wp:attachment":[{"href":"https:\/\/www.motorradvermietung.de\/frankfurt\/de\/wp-json\/wp\/v2\/media?parent=17"}],"curies":[{"name":"wp","href":"https:\/\/api.w.org\/{rel}","templated":true}]}}