{"id":204,"date":"2017-10-09T12:54:07","date_gmt":"2017-10-09T10:54:07","guid":{"rendered":"https:\/\/www.motorradvermietung.de\/frankfurt\/?page_id=204"},"modified":"2021-02-15T14:54:33","modified_gmt":"2021-02-15T13:54:33","slug":"haeufig-gestellte-fragen","status":"publish","type":"page","link":"https:\/\/www.motorradvermietung.de\/frankfurt\/de\/haeufig-gestellte-fragen","title":{"rendered":"H\u00e4ufig gestellte Fragen"},"content":{"rendered":"<p><\/p>\n<h2>Wie l\u00e4uft eine Buchung ab?<\/h2>\n<ol>\n<li>Sie suchen sich ihr Motorrad aus und senden uns Ihre Anfrage.<\/li>\n<li>Wir schicken Ihnen daraufhin per E-Mail einen Link zum Buchungsformular.<\/li>\n<li>Sie mailen das von Ihnen ausgef\u00fcllte Formular unter Angabe ihrer Kreditkartendaten an uns zur\u00fcck.<\/li>\n<li>Wir buchen die Anzahlung von Ihrer Kreditkarte ab und schicken Ihnen die endg\u00fcltige Best\u00e4tigung.<\/li>\n<li>Sie holen Ihr Motorrad zum vereinbarten Termin bei uns ab.<\/li>\n<\/ol>\n<p>Eine kompakte Preis\u00fcbersicht und Preisvergleiche finden Sie unter <a href=\"https:\/\/www.motorradvermietung.de\/frankfurt\/tarife\/\">Tarife<\/a>.<\/p>\n<h2>In welche L\u00e4nder darf ich fahren?<\/h2>\n<p>Sie d\u00fcrfen in alle <a href=\"https:\/\/europa.eu\/european-union\/about-eu\/countries_de\" target=\"_blank\" rel=\"noopener\">L\u00e4nder der Europ\u00e4ischen Union<\/a> fahren, sowie au\u00dferdem auch in die Schweiz, nach Norwegen und nach Schottland.<\/p>\n<p>Wenn Sie in andere L\u00e4nder fahren wollen, <a href=\"https:\/\/www.motorradvermietung.de\/frankfurt\/kontakt\/\">sprechen Sie uns bitte an<\/a>.<\/p>\n<h2>Gep\u00e4ckaufbewahrung: Kann ich mein Gep\u00e4ck bei Allround Vermietung lagern?<\/h2>\n<p>Ja, Sie k\u00f6nnen w\u00e4hrend Ihrer Reise Ihre nicht ben\u00f6tigten Koffer und Taschen kostenfrei bei uns lagern.<\/p>","protected":false},"excerpt":{"rendered":"<p>Wie l\u00e4uft eine Buchung ab? Sie suchen sich ihr Motorrad aus und senden uns Ihre Anfrage. Wir schicken Ihnen daraufhin per E-Mail einen Link zum Buchungsformular. Sie mailen das von Ihnen ausgef\u00fcllte Formular unter Angabe ihrer Kreditkartendaten an uns zur\u00fcck. Wir buchen die Anzahlung von Ihrer Kreditkarte ab und schicken Ihnen die endg\u00fcltige Best\u00e4tigung. Sie [&hellip;]<\/p>\n","protected":false},"author":1,"featured_media":0,"parent":0,"menu_order":0,"comment_status":"closed","ping_status":"closed","template":"","meta":{"footnotes":""},"class_list":["post-204","page","type-page","status-publish","hentry"],"aioseo_notices":[],"_links":{"self":[{"href":"https:\/\/www.motorradvermietung.de\/frankfurt\/de\/wp-json\/wp\/v2\/pages\/204","targetHints":{"allow":["GET"]}}],"collection":[{"href":"https:\/\/www.motorradvermietung.de\/frankfurt\/de\/wp-json\/wp\/v2\/pages"}],"about":[{"href":"https:\/\/www.motorradvermietung.de\/frankfurt\/de\/wp-json\/wp\/v2\/types\/page"}],"author":[{"embeddable":true,"href":"https:\/\/www.motorradvermietung.de\/frankfurt\/de\/wp-json\/wp\/v2\/users\/1"}],"replies":[{"embeddable":true,"href":"https:\/\/www.motorradvermietung.de\/frankfurt\/de\/wp-json\/wp\/v2\/comments?post=204"}],"version-history":[{"count":16,"href":"https:\/\/www.motorradvermietung.de\/frankfurt\/de\/wp-json\/wp\/v2\/pages\/204\/revisions"}],"predecessor-version":[{"id":305,"href":"https:\/\/www.motorradvermietung.de\/frankfurt\/de\/wp-json\/wp\/v2\/pages\/204\/revisions\/305"}],"wp:attachment":[{"href":"https:\/\/www.motorradvermietung.de\/frankfurt\/de\/wp-json\/wp\/v2\/media?parent=204"}],"curies":[{"name":"wp","href":"https:\/\/api.w.org\/{rel}","templated":true}]}}