{"id":23,"date":"2017-06-07T11:25:47","date_gmt":"2017-06-07T09:25:47","guid":{"rendered":"https:\/\/www.motorradvermietung.de\/frankfurt\/?page_id=23"},"modified":"2021-02-15T14:59:01","modified_gmt":"2021-02-15T13:59:01","slug":"ueber-uns","status":"publish","type":"page","link":"https:\/\/www.motorradvermietung.de\/frankfurt\/de\/ueber-uns","title":{"rendered":"\u00dcber Uns"},"content":{"rendered":"<p><\/p>\n<p class=\"editor__intro\">Allround Motorradvermietung ist eine der erfahrensten Motorradvermietungen in Deutschland.<\/p>\n<p><img loading=\"lazy\" decoding=\"async\" class=\"alignright size-full\" src=\"https:\/\/www.motorradvermietung.de\/frankfurt\/wp-content\/uploads\/sites\/3\/2017\/11\/frontapge-box-frankfurt-1.png\" alt=\"\" width=\"450\" height=\"464\" \/>Seit mehr als 30 Jahren vermieten wir Motorr\u00e4der \u2013 vom Einsteigermotorrad \u00fcber Nakedbikes, Reiseenduros, Chopper, Tourer bis zum Supersportler habt Ihr die Auswahl aus \u00fcber 150 Motorr\u00e4dern.<\/p>\n<p>Egal ob f\u00fcr den Tagesausflug oder die gro\u00dfe Europareise, wir haben das passende Motorrad. Fast alle sind mit Seitenkoffern, Topcase und Navigationsystemen buchbar.<\/p>\n<p>Wir befinden uns nur wenige Kilometer vom Frankfurter Flughafen entfernt, direkt am Bad Homburger Kreuz an der A5, vor den Toren Frankfurts. Wir vermieten Motorr\u00e4der der Hersteller BMW, KTM, Kawasaki, Harley Davidson, Honda und Yamaha.<\/p>\n<p>Wir sind selbst langj\u00e4hrige, erfahrene Motorradfahrer &#8211; <a href=\"https:\/\/www.motorradvermietung.de\/frankfurt\/buchungsanfrage\/\">sprechen Sie uns an<\/a>, wir beraten Sie gerne.<\/p>\n<h2>Seit 1987 vermieten wir Motorr\u00e4der<\/h2>\n<p>Vom kleinen Chopper \u00fcber Reiseenduros bis zum Superbike. Dem Anf\u00e4nger, Genie\u00dfer, Touren-, Enduro-, Chopper- und Sport-Fahrer, bieten wir eine Auswahl von ca. 150 Motorr\u00e4dern. Eine Auflistung aller Fahrzeuge finden Sie bei der Gesamt\u00fcbersicht.<\/p>\n<p>Helme, Jacken, Navigationssysteme, Regenbekleidung, Gep\u00e4ckkoffer, Topcase, Tankrucks\u00e4cke k\u00f6nnen Sie bei uns ausleihen. Wir r\u00fcsten Sie aus, mit allem was Sie f\u00fcr die gro\u00dfe oder kleine Tour ben\u00f6tigen &#8211; klicken Sie sich durchs Zubeh\u00f6r.<\/p>\n<h2>Qualit\u00e4t und Wartung<\/h2>\n<p>Die Motorr\u00e4der werden in unserer angeschlossenen Meisterwerkstatt regelm\u00e4\u00dfig gewartet und vor jeder Tour durchgecheckt.<\/p>\n<p>Sprechen Sie mit uns,<br \/>\ndenn Motorradfahren ist unsere Leidenschaft.<\/p>\n<p><strong>Wir beraten Sie gerne!<\/strong><\/p>","protected":false},"excerpt":{"rendered":"<p>Allround Motorradvermietung ist eine der erfahrensten Motorradvermietungen in Deutschland. Seit mehr als 30 Jahren vermieten wir Motorr\u00e4der \u2013 vom Einsteigermotorrad \u00fcber Nakedbikes, Reiseenduros, Chopper, Tourer bis zum Supersportler habt Ihr die Auswahl aus \u00fcber 150 Motorr\u00e4dern. Egal ob f\u00fcr den Tagesausflug oder die gro\u00dfe Europareise, wir haben das passende Motorrad. Fast alle sind mit Seitenkoffern, [&hellip;]<\/p>\n","protected":false},"author":1,"featured_media":0,"parent":0,"menu_order":0,"comment_status":"closed","ping_status":"closed","template":"","meta":{"footnotes":""},"class_list":["post-23","page","type-page","status-publish","hentry"],"aioseo_notices":[],"_links":{"self":[{"href":"https:\/\/www.motorradvermietung.de\/frankfurt\/de\/wp-json\/wp\/v2\/pages\/23","targetHints":{"allow":["GET"]}}],"collection":[{"href":"https:\/\/www.motorradvermietung.de\/frankfurt\/de\/wp-json\/wp\/v2\/pages"}],"about":[{"href":"https:\/\/www.motorradvermietung.de\/frankfurt\/de\/wp-json\/wp\/v2\/types\/page"}],"author":[{"embeddable":true,"href":"https:\/\/www.motorradvermietung.de\/frankfurt\/de\/wp-json\/wp\/v2\/users\/1"}],"replies":[{"embeddable":true,"href":"https:\/\/www.motorradvermietung.de\/frankfurt\/de\/wp-json\/wp\/v2\/comments?post=23"}],"version-history":[{"count":16,"href":"https:\/\/www.motorradvermietung.de\/frankfurt\/de\/wp-json\/wp\/v2\/pages\/23\/revisions"}],"predecessor-version":[{"id":324,"href":"https:\/\/www.motorradvermietung.de\/frankfurt\/de\/wp-json\/wp\/v2\/pages\/23\/revisions\/324"}],"wp:attachment":[{"href":"https:\/\/www.motorradvermietung.de\/frankfurt\/de\/wp-json\/wp\/v2\/media?parent=23"}],"curies":[{"name":"wp","href":"https:\/\/api.w.org\/{rel}","templated":true}]}}