{"id":25,"date":"2017-06-07T11:26:13","date_gmt":"2017-06-07T09:26:13","guid":{"rendered":"https:\/\/www.motorradvermietung.de\/frankfurt\/?page_id=25"},"modified":"2024-03-06T09:05:52","modified_gmt":"2024-03-06T08:05:52","slug":"uebernachtung","status":"publish","type":"page","link":"https:\/\/www.motorradvermietung.de\/frankfurt\/de\/uebernachtung","title":{"rendered":"\u00dcbernachtung"},"content":{"rendered":"<p><\/p>\n<p class=\"editor__intro\">Nur wenige Meter neben Allround Vermietung befindet sich das B&amp;B Hotel Frankfurt Nord.<\/p>\n<p>Somit ist es kein Problem sp\u00e4t oder am Wochenende anzureisen. Durch die M\u00f6glichkeit der \u00dcbernachtung sind Sie voll flexibel.<\/p>\n<p><img loading=\"lazy\" decoding=\"async\" class=\"alignright wp-image-78\" src=\"https:\/\/www.motorradvermietung.de\/frankfurt\/wp-content\/uploads\/sites\/3\/2017\/06\/bb-hotel-300x163.jpg\" alt=\"\" width=\"500\" height=\"272\" srcset=\"https:\/\/www.motorradvermietung.de\/frankfurt\/wp-content\/uploads\/sites\/3\/2017\/06\/bb-hotel-300x163.jpg 300w, https:\/\/www.motorradvermietung.de\/frankfurt\/wp-content\/uploads\/sites\/3\/2017\/06\/bb-hotel.jpg 740w\" sizes=\"auto, (max-width: 500px) 100vw, 500px\" \/>Das <a href=\"http:\/\/www.hotelbb.de\/de\/frankfurt-nord\" target=\"_blank\" rel=\"noopener\">B&amp;B Hotel Frankfurt-Nord<\/a> verf\u00fcgt \u00fcber 100 komfortable Zimmer ausgestattet mit einem modernen Badezimmer, Schallisolation, Klimatisierung, Telefon mit automatischer Weckfunktion, sowie einen kostenlosen Wireless-LAN Zugang. Das Empfangspersonal begr\u00fc\u00dft Sie gerne zu jeder Tages- und Nachtzeit.<\/p>\n<p>G\u00e4ste des Hotels k\u00f6nnen Ihr gemietetes Motorrad auch beim Hotel zur\u00fcckgeben.<\/p>\n<p><strong>B &amp; B Hotel Frankfurt Nord<\/strong><br \/>\nHeinrich-Lanz-Allee 3<br \/>\n60437 Frankfurt<\/p>\n<p>Tel.: +49 (0)69 &#8211; 95 09 04 &#8211; 0<\/p>\n<p>Web: <a href=\"http:\/\/www.hotelbb.de\/de\/frankfurt-nord\" target=\"_blank\" rel=\"noopener\">B &amp; B Hotel Frankfurt Nord<\/a><\/p>","protected":false},"excerpt":{"rendered":"<p>Nur wenige Meter neben Allround Vermietung befindet sich das B&amp;B Hotel Frankfurt Nord. Somit ist es kein Problem sp\u00e4t oder am Wochenende anzureisen. Durch die M\u00f6glichkeit der \u00dcbernachtung sind Sie voll flexibel. Das B&amp;B Hotel Frankfurt-Nord verf\u00fcgt \u00fcber 100 komfortable Zimmer ausgestattet mit einem modernen Badezimmer, Schallisolation, Klimatisierung, Telefon mit automatischer Weckfunktion, sowie einen kostenlosen [&hellip;]<\/p>\n","protected":false},"author":1,"featured_media":0,"parent":0,"menu_order":0,"comment_status":"closed","ping_status":"closed","template":"","meta":{"footnotes":""},"class_list":["post-25","page","type-page","status-publish","hentry"],"aioseo_notices":[],"_links":{"self":[{"href":"https:\/\/www.motorradvermietung.de\/frankfurt\/de\/wp-json\/wp\/v2\/pages\/25","targetHints":{"allow":["GET"]}}],"collection":[{"href":"https:\/\/www.motorradvermietung.de\/frankfurt\/de\/wp-json\/wp\/v2\/pages"}],"about":[{"href":"https:\/\/www.motorradvermietung.de\/frankfurt\/de\/wp-json\/wp\/v2\/types\/page"}],"author":[{"embeddable":true,"href":"https:\/\/www.motorradvermietung.de\/frankfurt\/de\/wp-json\/wp\/v2\/users\/1"}],"replies":[{"embeddable":true,"href":"https:\/\/www.motorradvermietung.de\/frankfurt\/de\/wp-json\/wp\/v2\/comments?post=25"}],"version-history":[{"count":10,"href":"https:\/\/www.motorradvermietung.de\/frankfurt\/de\/wp-json\/wp\/v2\/pages\/25\/revisions"}],"predecessor-version":[{"id":394,"href":"https:\/\/www.motorradvermietung.de\/frankfurt\/de\/wp-json\/wp\/v2\/pages\/25\/revisions\/394"}],"wp:attachment":[{"href":"https:\/\/www.motorradvermietung.de\/frankfurt\/de\/wp-json\/wp\/v2\/media?parent=25"}],"curies":[{"name":"wp","href":"https:\/\/api.w.org\/{rel}","templated":true}]}}