{"id":5,"date":"2017-06-07T11:22:02","date_gmt":"2017-06-07T09:22:02","guid":{"rendered":"https:\/\/www.motorradvermietung.de\/frankfurt\/?page_id=5"},"modified":"2021-02-15T14:51:15","modified_gmt":"2021-02-15T13:51:15","slug":"allround-motorradvermietung","status":"publish","type":"page","link":"https:\/\/www.motorradvermietung.de\/frankfurt\/de\/","title":{"rendered":"Allround Motorradvermietung"},"content":{"rendered":"<p><\/p>\n<h2 class=\"editor__highlight\">Standort Frankfurt<\/h2>\n<p class=\"editor__intro\">Allround Motorradvermietung ist eine der erfahrensten Motorradvermietungen in Deutschland.<\/p>\n<p>Seit mehr als 30 Jahren vermieten wir Motorr\u00e4der \u2013 vom Einsteigermotorrad \u00fcber Nakedbikes, Reiseenduros, Chopper, Tourer bis zum Supersportler habt Ihr die Auswahl aus \u00fcber 150 Motorr\u00e4dern.<\/p>","protected":false},"excerpt":{"rendered":"<p>Standort Frankfurt Allround Motorradvermietung ist eine der erfahrensten Motorradvermietungen in Deutschland. Seit mehr als 30 Jahren vermieten wir Motorr\u00e4der \u2013 vom Einsteigermotorrad \u00fcber Nakedbikes, Reiseenduros, Chopper, Tourer bis zum Supersportler habt Ihr die Auswahl aus \u00fcber 150 Motorr\u00e4dern.<\/p>\n","protected":false},"author":1,"featured_media":0,"parent":0,"menu_order":0,"comment_status":"closed","ping_status":"closed","template":"page-bikes.php","meta":{"footnotes":""},"class_list":["post-5","page","type-page","status-publish","hentry"],"aioseo_notices":[],"_links":{"self":[{"href":"https:\/\/www.motorradvermietung.de\/frankfurt\/de\/wp-json\/wp\/v2\/pages\/5","targetHints":{"allow":["GET"]}}],"collection":[{"href":"https:\/\/www.motorradvermietung.de\/frankfurt\/de\/wp-json\/wp\/v2\/pages"}],"about":[{"href":"https:\/\/www.motorradvermietung.de\/frankfurt\/de\/wp-json\/wp\/v2\/types\/page"}],"author":[{"embeddable":true,"href":"https:\/\/www.motorradvermietung.de\/frankfurt\/de\/wp-json\/wp\/v2\/users\/1"}],"replies":[{"embeddable":true,"href":"https:\/\/www.motorradvermietung.de\/frankfurt\/de\/wp-json\/wp\/v2\/comments?post=5"}],"version-history":[{"count":45,"href":"https:\/\/www.motorradvermietung.de\/frankfurt\/de\/wp-json\/wp\/v2\/pages\/5\/revisions"}],"predecessor-version":[{"id":327,"href":"https:\/\/www.motorradvermietung.de\/frankfurt\/de\/wp-json\/wp\/v2\/pages\/5\/revisions\/327"}],"wp:attachment":[{"href":"https:\/\/www.motorradvermietung.de\/frankfurt\/de\/wp-json\/wp\/v2\/media?parent=5"}],"curies":[{"name":"wp","href":"https:\/\/api.w.org\/{rel}","templated":true}]}}