{"id":52,"date":"2017-06-08T11:34:46","date_gmt":"2017-06-08T09:34:46","guid":{"rendered":"https:\/\/www.motorradvermietung.de\/frankfurt\/?page_id=52"},"modified":"2021-02-15T14:56:36","modified_gmt":"2021-02-15T13:56:36","slug":"one-way-rentals","status":"publish","type":"page","link":"https:\/\/www.motorradvermietung.de\/frankfurt\/de\/one-way-rentals","title":{"rendered":"One Way Rentals"},"content":{"rendered":"<p><\/p>\n<p class=\"editor__intro\">Sparen Sie Zeit, sehen Sie mehr von Europa! Ab sofort bieten wir ihnen One Way Mieten von vielen Orten in Deutschland und vielen St\u00e4dten in ganz Europa an.<\/p>\n<h2>One Way Rentals innerhalb Deutschlands<\/h2>\n<p>One Way Rentals sind ab einer Mindestmietzeit von 1 Woche m\u00f6glich. Sie k\u00f6nnen das Motorrad:<\/p>\n<ol>\n<li>In Frankfurt oder M\u00fcnchen abholen und an jedem Ort in Deutschland abgeben<\/li>\n<li>Ihr Motorrad zu jeden Ort in Deutschland liefern lassen und in Frankfurt oder M\u00fcnchen abgeben<\/li>\n<\/ol>\n<p>Der Aufpreis betr\u00e4gt Pauschal 200,00 \u20ac je Wegstrecke.<\/p>\n<h2>One Way Rentals innerhalb Europas<\/h2>\n<p>One Way Rentals innerhalb von Europa sind ab einer Mindestmietzeit\u00a0 von 2 Wochen m\u00f6glich. Sie k\u00f6nnen das Motorrad in vielen St\u00e4dten in Europa abgeben.<\/p>\n<p>Der Aufpreis betr\u00e4gt ab 250,00 \u20ac.<\/p>\n<h3>Preisbeispiele bei einer Abgabe des Motorrads in &#8230;<\/h3>\n<ul>\n<li>Salzburg: 250,00 \u20ac<\/li>\n<li>Mailand: 390,00 \u20ac<\/li>\n<li>Athen: 550,00 \u20ac<\/li>\n<li>Florenz: 450,00 \u20ac<\/li>\n<li>Malaga: 550,00 \u20ac<\/li>\n<li>Rom: 590,00 \u20ac<\/li>\n<li>Paris: 400,00 \u20ac<\/li>\n<\/ul>\n<p>Lassen Sie uns Ihre W\u00fcnsche wissen, wir machen Ihnen ein Angebot.<\/p>","protected":false},"excerpt":{"rendered":"<p>Sparen Sie Zeit, sehen Sie mehr von Europa! Ab sofort bieten wir ihnen One Way Mieten von vielen Orten in Deutschland und vielen St\u00e4dten in ganz Europa an. One Way Rentals innerhalb Deutschlands One Way Rentals sind ab einer Mindestmietzeit von 1 Woche m\u00f6glich. Sie k\u00f6nnen das Motorrad: In Frankfurt oder M\u00fcnchen abholen und an [&hellip;]<\/p>\n","protected":false},"author":1,"featured_media":217,"parent":0,"menu_order":0,"comment_status":"closed","ping_status":"closed","template":"","meta":{"footnotes":""},"class_list":["post-52","page","type-page","status-publish","has-post-thumbnail","hentry"],"aioseo_notices":[],"_links":{"self":[{"href":"https:\/\/www.motorradvermietung.de\/frankfurt\/de\/wp-json\/wp\/v2\/pages\/52","targetHints":{"allow":["GET"]}}],"collection":[{"href":"https:\/\/www.motorradvermietung.de\/frankfurt\/de\/wp-json\/wp\/v2\/pages"}],"about":[{"href":"https:\/\/www.motorradvermietung.de\/frankfurt\/de\/wp-json\/wp\/v2\/types\/page"}],"author":[{"embeddable":true,"href":"https:\/\/www.motorradvermietung.de\/frankfurt\/de\/wp-json\/wp\/v2\/users\/1"}],"replies":[{"embeddable":true,"href":"https:\/\/www.motorradvermietung.de\/frankfurt\/de\/wp-json\/wp\/v2\/comments?post=52"}],"version-history":[{"count":16,"href":"https:\/\/www.motorradvermietung.de\/frankfurt\/de\/wp-json\/wp\/v2\/pages\/52\/revisions"}],"predecessor-version":[{"id":313,"href":"https:\/\/www.motorradvermietung.de\/frankfurt\/de\/wp-json\/wp\/v2\/pages\/52\/revisions\/313"}],"wp:featuredmedia":[{"embeddable":true,"href":"https:\/\/www.motorradvermietung.de\/frankfurt\/de\/wp-json\/wp\/v2\/media\/217"}],"wp:attachment":[{"href":"https:\/\/www.motorradvermietung.de\/frankfurt\/de\/wp-json\/wp\/v2\/media?parent=52"}],"curies":[{"name":"wp","href":"https:\/\/api.w.org\/{rel}","templated":true}]}}