{"id":88,"date":"2017-06-09T09:10:30","date_gmt":"2017-06-09T07:10:30","guid":{"rendered":"https:\/\/www.motorradvermietung.de\/frankfurt\/?page_id=88"},"modified":"2025-11-25T12:58:33","modified_gmt":"2025-11-25T11:58:33","slug":"impressum","status":"publish","type":"page","link":"https:\/\/www.motorradvermietung.de\/frankfurt\/de\/impressum","title":{"rendered":"Impressum"},"content":{"rendered":"<p><\/p>\n<h2>Allround Vermietung Inh. Peter Meisel <\/h2>\n<p>Allround Vermietung Inh. Peter Meisel<br \/>\nMax-Holder-Str. 5<br \/>\n60437 Frankfurt<br \/>\nDeutschland<\/p>\n<p>Tel.: +49 (0)69 &#8211; 56 00 92 0<\/p>\n<p>Web: www.motorradvermietung.de<br \/>\nE-Mail: info@motorradvermietung.de<\/p>\n<p>CEO: Peter Meisel<\/p>\n<p>Umsatzsteuer-ID: DE 162616564<\/p>\n<p>Haftungshinweis: Trotz sorgf\u00e4ltiger inhaltlicher Kontrolle \u00fcbernehmen wir keine Haftung f\u00fcr die Inhalte externer Links. F\u00fcr den Inhalt der verlinkten Seiten sind ausschliesslich deren Betreiber verantwortlich.<\/p>\n<h2>Webdesign und Programmierung<\/h2>\n<p>Dots United GmbH<br \/>\nAgentur f\u00fcr digitale Medien<br \/>\nJungbuschstra\u00dfe 8<br \/>\n68159 Mannheim<\/p>\n<p>Tel.: +49 (0)621 &#8211; 4 23 68 86<\/p>\n<p>Web: <a href=\"https:\/\/dotsunited.de\">www.dotsunited.de<\/a><\/p>\n<h2>Datenschutz<\/h2>\n<p>Diese Website benutzt Google Analytics, einen Webanalysedienst der Google Inc. (&#8222;Google&#8220;). Google Analytics verwendet sog. &#8222;Cookies&#8220;, Textdateien, die auf Ihrem Computer gespeichert werden und die eine Analyse der Benutzung der Website durch Sie erm\u00f6glicht. Die durch den Cookie erzeugten Informationen \u00fcber Ihre Benutzung diese Website (einschlie\u00dflich Ihrer IP-Adresse) wird an einen Server von Google in den USA \u00fcbertragen und dort gespeichert. Google wird diese Informationen benutzen, um Ihre Nutzung der Website auszuwerten, um Reports \u00fcber die Websiteaktivit\u00e4ten f\u00fcr die Websitebetreiber zusammenzustellen und um weitere mit der Websitenutzung und der Internetnutzung verbundene Dienstleistungen zu erbringen. Auch wird Google diese Informationen gegebenenfalls an Dritte \u00fcbertragen, sofern dies gesetzlich vorgeschrieben oder soweit Dritte diese Daten im Auftrag von Google verarbeiten. Google wird in keinem Fall Ihre IP-Adresse mit anderen Daten der Google in Verbindung bringen. Sie k\u00f6nnen die Installation der Cookies durch eine entsprechende Einstellung Ihrer Browser Software verhindern; wir weisen Sie jedoch darauf hin, dass Sie in diesem Fall gegebenenfalls nicht s\u00e4mtliche Funktionen dieser Website voll umf\u00e4nglich nutzen k\u00f6nnen. Durch die Nutzung dieser Website erkl\u00e4ren Sie sich mit der Bearbeitung der \u00fcber Sie erhobenen Daten durch Google in der zuvor beschriebenen Art und Weise und zu dem zuvor benannten Zweck einverstanden.<\/p>","protected":false},"excerpt":{"rendered":"<p>Allround Vermietung Inh. Peter Meisel Allround Vermietung Inh. Peter Meisel Max-Holder-Str. 5 60437 Frankfurt Deutschland Tel.: +49 (0)69 &#8211; 56 00 92 0 Web: www.motorradvermietung.de E-Mail: info@motorradvermietung.de CEO: Peter Meisel Umsatzsteuer-ID: DE 162616564 Haftungshinweis: Trotz sorgf\u00e4ltiger inhaltlicher Kontrolle \u00fcbernehmen wir keine Haftung f\u00fcr die Inhalte externer Links. F\u00fcr den Inhalt der verlinkten Seiten sind ausschliesslich [&hellip;]<\/p>\n","protected":false},"author":1,"featured_media":0,"parent":0,"menu_order":0,"comment_status":"closed","ping_status":"closed","template":"","meta":{"footnotes":""},"class_list":["post-88","page","type-page","status-publish","hentry"],"aioseo_notices":[],"_links":{"self":[{"href":"https:\/\/www.motorradvermietung.de\/frankfurt\/de\/wp-json\/wp\/v2\/pages\/88","targetHints":{"allow":["GET"]}}],"collection":[{"href":"https:\/\/www.motorradvermietung.de\/frankfurt\/de\/wp-json\/wp\/v2\/pages"}],"about":[{"href":"https:\/\/www.motorradvermietung.de\/frankfurt\/de\/wp-json\/wp\/v2\/types\/page"}],"author":[{"embeddable":true,"href":"https:\/\/www.motorradvermietung.de\/frankfurt\/de\/wp-json\/wp\/v2\/users\/1"}],"replies":[{"embeddable":true,"href":"https:\/\/www.motorradvermietung.de\/frankfurt\/de\/wp-json\/wp\/v2\/comments?post=88"}],"version-history":[{"count":16,"href":"https:\/\/www.motorradvermietung.de\/frankfurt\/de\/wp-json\/wp\/v2\/pages\/88\/revisions"}],"predecessor-version":[{"id":433,"href":"https:\/\/www.motorradvermietung.de\/frankfurt\/de\/wp-json\/wp\/v2\/pages\/88\/revisions\/433"}],"wp:attachment":[{"href":"https:\/\/www.motorradvermietung.de\/frankfurt\/de\/wp-json\/wp\/v2\/media?parent=88"}],"curies":[{"name":"wp","href":"https:\/\/api.w.org\/{rel}","templated":true}]}}