{"id":9,"date":"2017-06-07T11:23:00","date_gmt":"2017-06-07T09:23:00","guid":{"rendered":"https:\/\/www.motorradvermietung.de\/frankfurt\/?page_id=9"},"modified":"2021-02-15T14:55:30","modified_gmt":"2021-02-15T13:55:30","slug":"motorraeder","status":"publish","type":"page","link":"https:\/\/www.motorradvermietung.de\/frankfurt\/de\/motorraeder","title":{"rendered":"Motorr\u00e4der"},"content":{"rendered":"<p><\/p>\n<p class=\"editor__intro\">Auf dieser Seite finden Sie eine aktuelle Gesamt\u00fcbersicht \u00fcber alle unsere angebotenen Motorr\u00e4der.<\/p>\n<p>Wenn Sie auf einen der Bl\u00f6cke klicken \u00f6ffnet sich eine Tabelle mit den Fahrzeugen des Tarifs. Wenn Sie auf eines der Motorr\u00e4der klicken gelangen Sie zur Detailansicht.<br \/>\nEine kompakte Preis\u00fcbersicht und Preisvergleiche finden Sie unter <a href=\"https:\/\/www.motorradvermietung.de\/frankfurt\/tarife\/\" target=\"_blank\" rel=\"noopener\">Tarife<\/a>.<\/p>","protected":false},"excerpt":{"rendered":"<p>Auf dieser Seite finden Sie eine aktuelle Gesamt\u00fcbersicht \u00fcber alle unsere angebotenen Motorr\u00e4der. Wenn Sie auf einen der Bl\u00f6cke klicken \u00f6ffnet sich eine Tabelle mit den Fahrzeugen des Tarifs. Wenn Sie auf eines der Motorr\u00e4der klicken gelangen Sie zur Detailansicht. Eine kompakte Preis\u00fcbersicht und Preisvergleiche finden Sie unter Tarife.<\/p>\n","protected":false},"author":1,"featured_media":0,"parent":0,"menu_order":0,"comment_status":"closed","ping_status":"closed","template":"page-bikes.php","meta":{"footnotes":""},"class_list":["post-9","page","type-page","status-publish","hentry"],"aioseo_notices":[],"_links":{"self":[{"href":"https:\/\/www.motorradvermietung.de\/frankfurt\/de\/wp-json\/wp\/v2\/pages\/9","targetHints":{"allow":["GET"]}}],"collection":[{"href":"https:\/\/www.motorradvermietung.de\/frankfurt\/de\/wp-json\/wp\/v2\/pages"}],"about":[{"href":"https:\/\/www.motorradvermietung.de\/frankfurt\/de\/wp-json\/wp\/v2\/types\/page"}],"author":[{"embeddable":true,"href":"https:\/\/www.motorradvermietung.de\/frankfurt\/de\/wp-json\/wp\/v2\/users\/1"}],"replies":[{"embeddable":true,"href":"https:\/\/www.motorradvermietung.de\/frankfurt\/de\/wp-json\/wp\/v2\/comments?post=9"}],"version-history":[{"count":6,"href":"https:\/\/www.motorradvermietung.de\/frankfurt\/de\/wp-json\/wp\/v2\/pages\/9\/revisions"}],"predecessor-version":[{"id":280,"href":"https:\/\/www.motorradvermietung.de\/frankfurt\/de\/wp-json\/wp\/v2\/pages\/9\/revisions\/280"}],"wp:attachment":[{"href":"https:\/\/www.motorradvermietung.de\/frankfurt\/de\/wp-json\/wp\/v2\/media?parent=9"}],"curies":[{"name":"wp","href":"https:\/\/api.w.org\/{rel}","templated":true}]}}