{"id":13,"date":"2017-06-07T11:24:06","date_gmt":"2017-06-07T09:24:06","guid":{"rendered":"https:\/\/www.motorradvermietung.de\/frankfurt\/?page_id=13"},"modified":"2021-02-15T14:55:59","modified_gmt":"2021-02-15T13:55:59","slug":"reservierung","status":"publish","type":"page","link":"https:\/\/www.motorradvermietung.de\/frankfurt\/pt\/motorraeder\/reservierung","title":{"rendered":"Reservas"},"content":{"rendered":"<p><\/p>\n<p class=\"editor__intro\"><span id=\"result_box\" class=\"\" lang=\"pt\"><span title=\"Hier k\u00f6nnen Sie \u00fcber den Tarif, die Kategorie oder Hersteller das gew\u00fcnschte Motorrad ausw\u00e4hlen und verbindlich reservieren. \">Aqui voc\u00ea pode selecionar a moto desejada e fazer uma reserva vinculativa selecionando a tarifa, categoria ou fabricante.<\/span><\/span><\/p>\n<p><span id=\"result_box\" class=\"\" lang=\"pt\"><span title=\"Eine verbindliche Reservierung ist nur mit einer Anzahlung (30% des Mietpreises mindestens jedoch 100,00 \u20ac) m\u00f6glich.\">Uma reserva vinculativa s\u00f3 \u00e9 poss\u00edvel com um dep\u00f3sito (30% do aluguel, min\u00edmo de 100,00 \u20ac). <\/span><span title=\"Falls Sie nur eine Anfrage zur Verf\u00fcgbarkeit stellen wollen, nutzen Sie bitte unsere Buchungsanfrage. \">Se voc\u00ea deseja apenas solicitar disponibilidade, use nosso pedido de reserva.<\/span><\/span><\/p>\n<h2><span id=\"result_box\" class=\"\" lang=\"pt\"><span title=\"Der genaue Ablauf: \u00a0\u00a0\u00a0\u00a0\">Como proceder:<\/span><\/span><\/h2>\n<ol>\n<li><span id=\"result_box\" class=\"\" lang=\"pt\"><span title=\"Sie suchen sich ihr Motorrad aus unten auf dieser Seite aus und senden uns Ihre Anfrage. \u00a0\u00a0\u00a0\u00a0\">Voc\u00ea escolhe sua moto no final desta p\u00e1gina e envie-nos seu pedido online.<\/span><\/span><\/li>\n<li><span id=\"result_box\" class=\"\" lang=\"pt\"><span title=\"Wir schicken Ihnen daraufhin per E-Mail einen Link zum Buchungsformular. \u00a0\u00a0\u00a0\u00a0\">N\u00f3s lhe enviaremos um link para o formul\u00e1rio de reserva por e-mail.<\/span><\/span><\/li>\n<li><span id=\"result_box\" class=\"\" lang=\"pt\"><span title=\"Sie mailen das von Ihnen ausgef\u00fcllte Formular unter Angabe ihrer Kreditkartendaten an uns zur\u00fcck. \u00a0\u00a0\u00a0\u00a0\">Voc\u00ea ir\u00e1 devolver o formul\u00e1rio preenchido com seus dados pessoais e cart\u00e3o de cr\u00e9dito.<\/span><\/span><span id=\"result_box\" class=\"\" lang=\"pt\"><\/span><\/li>\n<li><span id=\"result_box\" class=\"\" lang=\"pt\"><span title=\"Wir buchen die Anzahlung von Ihrer Kreditkarte ab und schicken Ihnen die endg\u00fcltige Best\u00e4tigung. \u00a0\u00a0\u00a0\u00a0\">O dep\u00f3sito ser\u00e1 debitado do seu cart\u00e3o de cr\u00e9dito e enviaremos a confirma\u00e7\u00e3o final.<\/span><\/span><\/li>\n<li><span id=\"result_box\" class=\"\" lang=\"pt\"><span title=\"Sie holen Ihr Motorrad zum vereinbarten Termin bei uns ab. \">Voc\u00ea recebe sua motocicleta na data marcada conosco.<\/span><\/span><\/li>\n<\/ol>\n<p><span id=\"result_box\" class=\"\" lang=\"pt\"><span title=\"Gep\u00e4ckaufbewahrung: W\u00e4hrend Ihrer Reise k\u00f6nnen Sie Ihre nicht ben\u00f6tigten Koffer \/ Taschen bei uns kostenfrei Lagern. \">Armazenamento de bagagem: Durante a sua viagem, voc\u00ea pode armazenar gratuitamente as malas desnecess\u00e1rias conosco.<br \/>\n<\/span><\/span><\/p>\n<p><span id=\"result_box\" class=\"\" lang=\"pt\"><span title=\"Sollten Sie Ihre Reserveriung stornieren m\u00fcssen, gelten folgende Bedingungen. \">Se voc\u00ea tiver que cancelar sua reserva, as seguintes condi\u00e7\u00f5es se aplicam<\/span><\/span> <a href=\"\/frankfurt\/allgemeine-geschaeftsbedingungen\">Condi<span id=\"result_box\" class=\"\" lang=\"pt\"><span title=\"Sollten Sie Ihre Reserveriung stornieren m\u00fcssen, gelten folgende Bedingungen. \">\u00e7\u00f5es<\/span><\/span><\/a>.<br \/>\n<span id=\"result_box\" class=\"\" lang=\"pt\"><span title=\"Sollten Sie Fragen haben, k\u00f6nnen Sie uns jederzeit kontaktieren.\">Se voc\u00ea tiver d\u00favidas, por favor entre em contato. <\/span><span title=\"Wir beraten Sie gerne! \">Estamos felizes em aconselh\u00e1-lo!<\/span><\/span><br \/>\n<span id=\"result_box\" class=\"\" lang=\"pt\"><span title=\"Eine kompakte Preis\u00fcbersicht und Preisvergleiche finden Sie unter Tarife.\">Uma vis\u00e3o geral do pre\u00e7o e compara\u00e7\u00f5es de pre\u00e7os podem ser encontradas em <\/span><\/span><a href=\"\/frankfurt\/tarife\/\">Tarifas<\/a>.<\/p>","protected":false},"excerpt":{"rendered":"<p>Aqui voc\u00ea pode selecionar a moto desejada e fazer uma reserva vinculativa selecionando a tarifa, categoria ou fabricante. Uma reserva vinculativa s\u00f3 \u00e9 poss\u00edvel com um dep\u00f3sito (30% do aluguel, min\u00edmo de 100,00 \u20ac). Se voc\u00ea deseja apenas solicitar disponibilidade, use nosso pedido de reserva. Como proceder: Voc\u00ea escolhe sua moto no final desta p\u00e1gina [&hellip;]<\/p>\n","protected":false},"author":1,"featured_media":0,"parent":9,"menu_order":0,"comment_status":"closed","ping_status":"closed","template":"page-reservation.php","meta":{"footnotes":""},"class_list":["post-13","page","type-page","status-publish","hentry"],"aioseo_notices":[],"_links":{"self":[{"href":"https:\/\/www.motorradvermietung.de\/frankfurt\/pt\/wp-json\/wp\/v2\/pages\/13","targetHints":{"allow":["GET"]}}],"collection":[{"href":"https:\/\/www.motorradvermietung.de\/frankfurt\/pt\/wp-json\/wp\/v2\/pages"}],"about":[{"href":"https:\/\/www.motorradvermietung.de\/frankfurt\/pt\/wp-json\/wp\/v2\/types\/page"}],"author":[{"embeddable":true,"href":"https:\/\/www.motorradvermietung.de\/frankfurt\/pt\/wp-json\/wp\/v2\/users\/1"}],"replies":[{"embeddable":true,"href":"https:\/\/www.motorradvermietung.de\/frankfurt\/pt\/wp-json\/wp\/v2\/comments?post=13"}],"version-history":[{"count":15,"href":"https:\/\/www.motorradvermietung.de\/frankfurt\/pt\/wp-json\/wp\/v2\/pages\/13\/revisions"}],"predecessor-version":[{"id":334,"href":"https:\/\/www.motorradvermietung.de\/frankfurt\/pt\/wp-json\/wp\/v2\/pages\/13\/revisions\/334"}],"up":[{"embeddable":true,"href":"https:\/\/www.motorradvermietung.de\/frankfurt\/pt\/wp-json\/wp\/v2\/pages\/9"}],"wp:attachment":[{"href":"https:\/\/www.motorradvermietung.de\/frankfurt\/pt\/wp-json\/wp\/v2\/media?parent=13"}],"curies":[{"name":"wp","href":"https:\/\/api.w.org\/{rel}","templated":true}]}}