{"id":17,"date":"2017-06-07T11:24:44","date_gmt":"2017-06-07T09:24:44","guid":{"rendered":"https:\/\/www.motorradvermietung.de\/frankfurt\/?page_id=17"},"modified":"2024-03-06T15:17:27","modified_gmt":"2024-03-06T14:17:27","slug":"anreise","status":"publish","type":"page","link":"https:\/\/www.motorradvermietung.de\/frankfurt\/pt\/anreise","title":{"rendered":"Como chegar"},"content":{"rendered":"<p><\/p>\n<h3><img loading=\"lazy\" decoding=\"async\" class=\"alignright wp-image-61 size-full\" src=\"https:\/\/www.motorradvermietung.de\/frankfurt\/wp-content\/uploads\/sites\/3\/2017\/06\/anfahrtsskizze.jpg\" alt=\"\" width=\"318\" height=\"343\" srcset=\"https:\/\/www.motorradvermietung.de\/frankfurt\/wp-content\/uploads\/sites\/3\/2017\/06\/anfahrtsskizze.jpg 318w, https:\/\/www.motorradvermietung.de\/frankfurt\/wp-content\/uploads\/sites\/3\/2017\/06\/anfahrtsskizze-278x300.jpg 278w\" sizes=\"auto, (max-width: 318px) 100vw, 318px\" \/>Endere\u00e7o<\/h3>\n<p>Allround Vermietung<br \/>\nMax-Holder-Str. 5<br \/>\n60437 Frankfurt<br \/>\n(Aten\u00e7\u00e3o: propriet\u00e1rios de sistemas de navega\u00e7\u00e3o mais antigos, entre com Heinrich-Lanz-Allee.)<\/p>\n<p>Tel.: +49 (0)69 &#8211; 56 00 92 0<\/p>\n<h3>Hor\u00e1rios de funcionamento<\/h3>\n<p>Seg &#8211; Sex: 10:00 &#8211; 19:00 (1 de abril &#8211; final de outubro)<br \/>\nSeg &#8211; Fri :: 10:00 &#8211; 18:00 (1 de novembro &#8211; final de mar\u00e7o)<br \/>\nS\u00e1bado: 10:00 &#8211; 14:00 (ano todo)<\/p>\n<p>Novembro, dezembro e janeiro fechado de segunda-feira<\/p>\n<h3>Como Chegar<\/h3>\n<p>T\u00e1xi: Do aeroporto internacional de Frankfurt por cerca de 38 \u20ac; aprox. 15 minutos<\/p>\n<p>Transportes p\u00fablicos: do aeroporto internacional de Frankfurt, pegue o S8 ou S9 at\u00e9 Hauptwache. Mude l\u00e1 para U2 em dire\u00e7\u00e3o a Bad Homburg at\u00e9 parar Kalbach. A partir daqui 10 minutos a p\u00e9 dire\u00e7\u00e3o Kalbach \/ MC Donalds.<\/p>\n<p>Ou use <a href=\"http:\/\/maps.google.de\/maps?f=d&amp;source=s_d&amp;saddr=&amp;daddr=Germany,60437+Frankfurt,Max-Holder-Str.+5&amp;hl=de&amp;geocode=&amp;mra=ls&amp;sll=51.696814,10.231351&amp;sspn=9.730382,22.719727&amp;ie=UTF8&amp;z=16\" target=\"_blank\" rel=\"noopener noreferrer\">planejador de rotas online<\/a> para achar o trajeto Allround Rentals<strong>.<\/strong><\/p>\n<div class=\"brlbs-cmpnt-container brlbs-cmpnt-content-blocker brlbs-cmpnt-with-individual-styles\" data-borlabs-cookie-content-blocker-id=\"default\" data-borlabs-cookie-content=\"PGlmcmFtZSBzdHlsZT0iYm9yZGVyOiAwOyIgc3JjPSJodHRwczovL3d3dy5nb29nbGUuY29tL21hcHMvZW1iZWQ\/cGI9ITFtMTghMW0xMiExbTMhMWQyNTU0LjQ5MjY4NTA5MTI5MyEyZDguNjQ4NDc3MjUxMjA4NjM0ITNkNTAuMTg5MzIxMDEzOTI2MTUhMm0zITFmMCEyZjAhM2YwITNtMiExaTEwMjQhMmk3NjghNGYxMy4xITNtMyExbTIhMXMweDQ3YmQwODgyZGRmN2VhMjclM0EweDJjYmNlYTRiYzhlZDZjZDYhMnNNYXgtSG9sZGVyLVN0cmElQzMlOUZlJTIwNSUyQyUyMDYwNDM3JTIwRnJhbmtmdXJ0JTIwYW0lMjBNYWluITVlMCEzbTIhMXNkZSEyc2RlITR2MTY3NTE2MzQwOTA0NyE1bTIhMXNkZSEyc2RlIiB3aWR0aD0iMTAwJSIgaGVpZ2h0PSI0NTAiIGFsbG93ZnVsbHNjcmVlbj0iYWxsb3dmdWxsc2NyZWVuIj48L2lmcmFtZT4=\">\n<div class=\"brlbs-cmpnt-cb-preset-a\">\n<p class=\"brlbs-cmpnt-cb-description\">You are currently viewing a placeholder content from <strong>Default<\/strong>. To access the actual content, click the button below. Please note that doing so will share data with third-party providers.<\/p>\n<div class=\"brlbs-cmpnt-cb-buttons\"> <a class=\"brlbs-cmpnt-cb-btn\" href=\"#\" data-borlabs-cookie-unblock role=\"button\">Unblock content<\/a> <a class=\"brlbs-cmpnt-cb-btn\" href=\"#\" data-borlabs-cookie-accept-service role=\"button\" style=\"display: none\">Accept required service and unblock content<\/a> <\/div>\n<p> <a class=\"brlbs-cmpnt-cb-provider-toggle\" href=\"#\" data-borlabs-cookie-show-provider-information role=\"button\">More Information<\/a> <\/div>\n<\/div>\n<p><\/p>","protected":false},"excerpt":{"rendered":"<p>Endere\u00e7o Allround Vermietung Max-Holder-Str. 5 60437 Frankfurt (Aten\u00e7\u00e3o: propriet\u00e1rios de sistemas de navega\u00e7\u00e3o mais antigos, entre com Heinrich-Lanz-Allee.) Tel.: +49 (0)69 &#8211; 56 00 92 0 Hor\u00e1rios de funcionamento Seg &#8211; Sex: 10:00 &#8211; 19:00 (1 de abril &#8211; final de outubro) Seg &#8211; Fri :: 10:00 &#8211; 18:00 (1 de novembro &#8211; final de [&hellip;]<\/p>\n","protected":false},"author":1,"featured_media":0,"parent":0,"menu_order":0,"comment_status":"closed","ping_status":"closed","template":"","meta":{"footnotes":""},"class_list":["post-17","page","type-page","status-publish","hentry"],"aioseo_notices":[],"_links":{"self":[{"href":"https:\/\/www.motorradvermietung.de\/frankfurt\/pt\/wp-json\/wp\/v2\/pages\/17","targetHints":{"allow":["GET"]}}],"collection":[{"href":"https:\/\/www.motorradvermietung.de\/frankfurt\/pt\/wp-json\/wp\/v2\/pages"}],"about":[{"href":"https:\/\/www.motorradvermietung.de\/frankfurt\/pt\/wp-json\/wp\/v2\/types\/page"}],"author":[{"embeddable":true,"href":"https:\/\/www.motorradvermietung.de\/frankfurt\/pt\/wp-json\/wp\/v2\/users\/1"}],"replies":[{"embeddable":true,"href":"https:\/\/www.motorradvermietung.de\/frankfurt\/pt\/wp-json\/wp\/v2\/comments?post=17"}],"version-history":[{"count":20,"href":"https:\/\/www.motorradvermietung.de\/frankfurt\/pt\/wp-json\/wp\/v2\/pages\/17\/revisions"}],"predecessor-version":[{"id":397,"href":"https:\/\/www.motorradvermietung.de\/frankfurt\/pt\/wp-json\/wp\/v2\/pages\/17\/revisions\/397"}],"wp:attachment":[{"href":"https:\/\/www.motorradvermietung.de\/frankfurt\/pt\/wp-json\/wp\/v2\/media?parent=17"}],"curies":[{"name":"wp","href":"https:\/\/api.w.org\/{rel}","templated":true}]}}