{"id":19,"date":"2017-06-07T11:25:01","date_gmt":"2017-06-07T09:25:01","guid":{"rendered":"https:\/\/www.motorradvermietung.de\/frankfurt\/?page_id=19"},"modified":"2021-02-15T14:53:49","modified_gmt":"2021-02-15T13:53:49","slug":"gutscheine","status":"publish","type":"page","link":"https:\/\/www.motorradvermietung.de\/frankfurt\/pt\/gutscheine","title":{"rendered":"Voucher"},"content":{"rendered":"<p><span id=\"result_box\" class=\"\" lang=\"pt\">Se voc\u00ea deseja presentear um cupom \u00e0 algu\u00e9m, voc\u00ea pode usar este formul\u00e1rio e inserir os dados necess\u00e1rios. <span class=\"\">Depois de clicar em &#8220;pedir cupom&#8221;, em seguida entraremos em contato com voc\u00ea e entregaremos\u00a0o cupom a voc\u00ea ou ao destinat\u00e1rio .<\/span> <span class=\"\">Os campos marcados com * s\u00e3o obrigat\u00f3rios.<\/span><\/span><\/p>","protected":false},"excerpt":{"rendered":"<p>Se voc\u00ea deseja presentear um cupom \u00e0 algu\u00e9m, voc\u00ea pode usar este formul\u00e1rio e inserir os dados necess\u00e1rios. Depois de clicar em &#8220;pedir cupom&#8221;, em seguida entraremos em contato com voc\u00ea e entregaremos\u00a0o cupom a voc\u00ea ou ao destinat\u00e1rio . Os campos marcados com * s\u00e3o obrigat\u00f3rios.<\/p>\n","protected":false},"author":1,"featured_media":0,"parent":0,"menu_order":0,"comment_status":"closed","ping_status":"closed","template":"page-voucher.php","meta":{"footnotes":""},"class_list":["post-19","page","type-page","status-publish","hentry"],"aioseo_notices":[],"_links":{"self":[{"href":"https:\/\/www.motorradvermietung.de\/frankfurt\/pt\/wp-json\/wp\/v2\/pages\/19","targetHints":{"allow":["GET"]}}],"collection":[{"href":"https:\/\/www.motorradvermietung.de\/frankfurt\/pt\/wp-json\/wp\/v2\/pages"}],"about":[{"href":"https:\/\/www.motorradvermietung.de\/frankfurt\/pt\/wp-json\/wp\/v2\/types\/page"}],"author":[{"embeddable":true,"href":"https:\/\/www.motorradvermietung.de\/frankfurt\/pt\/wp-json\/wp\/v2\/users\/1"}],"replies":[{"embeddable":true,"href":"https:\/\/www.motorradvermietung.de\/frankfurt\/pt\/wp-json\/wp\/v2\/comments?post=19"}],"version-history":[{"count":7,"href":"https:\/\/www.motorradvermietung.de\/frankfurt\/pt\/wp-json\/wp\/v2\/pages\/19\/revisions"}],"predecessor-version":[{"id":285,"href":"https:\/\/www.motorradvermietung.de\/frankfurt\/pt\/wp-json\/wp\/v2\/pages\/19\/revisions\/285"}],"wp:attachment":[{"href":"https:\/\/www.motorradvermietung.de\/frankfurt\/pt\/wp-json\/wp\/v2\/media?parent=19"}],"curies":[{"name":"wp","href":"https:\/\/api.w.org\/{rel}","templated":true}]}}