{"id":25,"date":"2017-06-07T11:26:13","date_gmt":"2017-06-07T09:26:13","guid":{"rendered":"https:\/\/www.motorradvermietung.de\/frankfurt\/?page_id=25"},"modified":"2024-03-06T09:05:52","modified_gmt":"2024-03-06T08:05:52","slug":"uebernachtung","status":"publish","type":"page","link":"https:\/\/www.motorradvermietung.de\/frankfurt\/pt\/uebernachtung","title":{"rendered":"Estadia"},"content":{"rendered":"<p><\/p>\n<p class=\"editor__intro\"><span id=\"result_box\" class=\"\" lang=\"pt\"><span class=\"\">Apenas a poucos metros da Allround se encontra o B&amp;B Hotel Frankfurt Nord.<\/span><\/span><\/p>\n<p><span id=\"result_box\" class=\"\" lang=\"pt\">Portanto, n\u00e3o \u00e9 problema algum chegar tarde ou no fim de semana. <span class=\"\">Com esta possibilidade, voc\u00ea esta totalmente flex\u00edvel.<\/span><\/span><\/p>\n<p><img loading=\"lazy\" decoding=\"async\" class=\"alignright wp-image-78\" src=\"http:\/\/sandbox.motorradvermietung.de\/frankfurt\/wp-content\/uploads\/sites\/3\/2017\/06\/bb-hotel-300x163.jpg\" alt=\"\" width=\"500\" height=\"272\" srcset=\"https:\/\/www.motorradvermietung.de\/frankfurt\/wp-content\/uploads\/sites\/3\/2017\/06\/bb-hotel-300x163.jpg 300w, https:\/\/www.motorradvermietung.de\/frankfurt\/wp-content\/uploads\/sites\/3\/2017\/06\/bb-hotel.jpg 740w\" sizes=\"auto, (max-width: 500px) 100vw, 500px\" \/>O <a href=\"http:\/\/www.hotelbb.de\/de\/frankfurt-nord\" target=\"_blank\" rel=\"noopener\">B&amp;B Hotel Frankfurt-Nord<\/a> <span id=\"result_box\" class=\"\" lang=\"pt\"><span class=\"\"> possui 100 quartos confort\u00e1veis, equipados com banheiros modernos, ar condicionado, telefone com fun\u00e7\u00e3o de despertador autom\u00e1tico e acesso a Wi-Fi.<\/span> <span class=\"\">A equipe de recep\u00e7\u00e3o recebe voc\u00ea a qualquer hora do dia ou da noite.<\/span><\/span><\/p>\n<p><span id=\"result_box\" class=\"\" lang=\"pt\"><span class=\"\">Os h\u00f3spedes do hotel tamb\u00e9m podem devolver a moto alugada no hotel.<\/span><\/span><\/p>\n<p><strong>B &amp; B Hotel Frankfurt Nord<\/strong><br \/>\nHeinrich-Lanz-Allee 3<br \/>\n60437 Frankfurt<\/p>\n<p>Tel.: +49 (0)69 &#8211; 95 09 04 &#8211; 0<\/p>\n<p>Web: <a href=\"http:\/\/www.hotelbb.de\/de\/frankfurt-nord\" target=\"_blank\" rel=\"noopener\">B &amp; B Hotel Frankfurt Nord<\/a><\/p>","protected":false},"excerpt":{"rendered":"<p>Apenas a poucos metros da Allround se encontra o B&amp;B Hotel Frankfurt Nord. Portanto, n\u00e3o \u00e9 problema algum chegar tarde ou no fim de semana. Com esta possibilidade, voc\u00ea esta totalmente flex\u00edvel. O B&amp;B Hotel Frankfurt-Nord possui 100 quartos confort\u00e1veis, equipados com banheiros modernos, ar condicionado, telefone com fun\u00e7\u00e3o de despertador autom\u00e1tico e acesso a [&hellip;]<\/p>\n","protected":false},"author":1,"featured_media":0,"parent":0,"menu_order":0,"comment_status":"closed","ping_status":"closed","template":"","meta":{"footnotes":""},"class_list":["post-25","page","type-page","status-publish","hentry"],"aioseo_notices":[],"_links":{"self":[{"href":"https:\/\/www.motorradvermietung.de\/frankfurt\/pt\/wp-json\/wp\/v2\/pages\/25","targetHints":{"allow":["GET"]}}],"collection":[{"href":"https:\/\/www.motorradvermietung.de\/frankfurt\/pt\/wp-json\/wp\/v2\/pages"}],"about":[{"href":"https:\/\/www.motorradvermietung.de\/frankfurt\/pt\/wp-json\/wp\/v2\/types\/page"}],"author":[{"embeddable":true,"href":"https:\/\/www.motorradvermietung.de\/frankfurt\/pt\/wp-json\/wp\/v2\/users\/1"}],"replies":[{"embeddable":true,"href":"https:\/\/www.motorradvermietung.de\/frankfurt\/pt\/wp-json\/wp\/v2\/comments?post=25"}],"version-history":[{"count":10,"href":"https:\/\/www.motorradvermietung.de\/frankfurt\/pt\/wp-json\/wp\/v2\/pages\/25\/revisions"}],"predecessor-version":[{"id":394,"href":"https:\/\/www.motorradvermietung.de\/frankfurt\/pt\/wp-json\/wp\/v2\/pages\/25\/revisions\/394"}],"wp:attachment":[{"href":"https:\/\/www.motorradvermietung.de\/frankfurt\/pt\/wp-json\/wp\/v2\/media?parent=25"}],"curies":[{"name":"wp","href":"https:\/\/api.w.org\/{rel}","templated":true}]}}