{"id":52,"date":"2017-06-08T11:34:46","date_gmt":"2017-06-08T09:34:46","guid":{"rendered":"https:\/\/www.motorradvermietung.de\/frankfurt\/?page_id=52"},"modified":"2021-02-15T14:56:36","modified_gmt":"2021-02-15T13:56:36","slug":"one-way-rentals","status":"publish","type":"page","link":"https:\/\/www.motorradvermietung.de\/frankfurt\/pt\/one-way-rentals","title":{"rendered":"Aluguel One Way"},"content":{"rendered":"<p><\/p>\n<p class=\"editor__intro\"><span id=\"result_box\" class=\"\" lang=\"pt\"><span title=\"Sparen Sie Zeit, sehen Sie mehr von Europa!\">Economize tempo e veja mais da Europa! <\/span><span title=\"Ab sofort bieten wir ihnen One Way Mieten von vielen Orten in Deutschland und vielen St\u00e4dten in ganz Europa an. \">A partir de agora oferecemos alugu\u00e9is unidirecionais de v\u00e1rios locais na Alemanha e em muitas cidades da Europa.<\/span><br \/>\n<\/span><\/p>\n<h2><span id=\"result_box\" class=\"\" lang=\"pt\"><span title=\"One Way Rentals innerhalb Deutschlands \">One Way Rentals dentro de Alemanha<\/span><\/span><\/h2>\n<p><span id=\"result_box\" class=\"\" lang=\"pt\"><span title=\"One Way Rentals sind ab einer Mindestmietzeit von 1 Woche m\u00f6glich.\">One Way Rentals est\u00e1 dispon\u00edvel para um m\u00ednimo de 1 semana de aluguel. <\/span><span title=\"Sie k\u00f6nnen das Motorrad: \u00a0\u00a0\u00a0\u00a0\">Voc\u00ea pode usar a motocicleta das seguintes formas:<\/span><\/span><\/p>\n<ol>\n<li><span id=\"result_box\" class=\"\" lang=\"pt\"><span title=\"In Frankfurt oder M\u00fcnchen abholen und an jedem Ort in Deutschland abgeben \u00a0\u00a0\u00a0\u00a0\">Pegue em Frankfurt ou Munique e entregue-o a qualquer lugar na Alemanha<\/span><\/span><\/li>\n<li><span id=\"result_box\" class=\"\" lang=\"pt\"><span title=\"In Frankfurt oder M\u00fcnchen abholen und an jedem Ort in Deutschland abgeben \u00a0\u00a0\u00a0\u00a0\">\u00a0Pegue<\/span><span title=\"Ihr Motorrad zu jeden Ort in Deutschland liefern lassen und in Frankfurt oder M\u00fcnchen abgeben \"> a sua motocicleta entregue a qualquer local na Alemanha e entregue-a em Frankfurt ou Munique<\/span><\/span><\/li>\n<\/ol>\n<p><span id=\"result_box\" class=\"\" lang=\"pt\"><span title=\"Der Aufpreis betr\u00e4gt Pauschal 200,00 \u20ac je Wegstrecke. \">O adicional \u00e9 uma taxa fixa de \u20ac 200,00 por trajeto.<\/span><\/span><\/p>\n<h2><span id=\"result_box\" class=\"\" lang=\"pt\"><span title=\"One Way Rentals innerhalb Europas \">One Way Rentals dentro da Europa<\/span><\/span><\/h2>\n<p><span id=\"result_box\" class=\"\" lang=\"pt\"><span title=\"One Way Rentals innerhalb von Europa sind ab einer Mindestmietzeit von 2 Wochen m\u00f6glich.\">One Way Rentals dentro da Europa est\u00e1 dispon\u00edvel por um per\u00edodo de aluguel m\u00ednimo de 2 semanas. <\/span><span title=\"Sie k\u00f6nnen das Motorrad in vielen St\u00e4dten in Europa abgeben. \">Voc\u00ea pode entregar a motocicleta em muitas cidades da Europa.<\/span><\/span><\/p>\n<p><span id=\"result_box\" class=\"\" lang=\"pt\"><span title=\"Der Aufpreis betr\u00e4gt ab 250,00 \u20ac. \">A taxa adicional a partir de 250,00 \u20ac.<\/span><\/span><\/p>\n<h3><span id=\"result_box\" class=\"\" lang=\"pt\"><span title=\"Preisbeispiele bei einer Abgabe des Motorrads in ... \u00a0\u00a0\u00a0\u00a0\">Exemplos de pre\u00e7os para uma entrega da motocicleta em &#8230;<\/span><\/span><\/h3>\n<ul>\n<li><span id=\"result_box\" class=\"\" lang=\"pt\"><span title=\"Salzburg: 250,00 \u20ac \u00a0\u00a0\u00a0\u00a0\">Salzburgo<\/span><\/span>: 250,00 \u20ac<\/li>\n<li>Mil\u00e3o: 390,00 \u20ac<\/li>\n<li><span id=\"result_box\" class=\"\" lang=\"pt\"><span title=\"Athen: 550,00 \u20ac \u00a0\u00a0\u00a0\u00a0\">Atenas<\/span><\/span>: 550,00 \u20ac<\/li>\n<li><span id=\"result_box\" class=\"\" lang=\"pt\"><span title=\"Florenz: 349,00 \u20ac \u00a0\u00a0\u00a0\u00a0\">Floren\u00e7a<\/span><\/span>: 450,00 \u20ac<\/li>\n<li>Malaga: 550,00 \u20ac<\/li>\n<li>Roma: 590,00 \u20ac<\/li>\n<li>Paris: 400,00 \u20ac<\/li>\n<\/ul>\n<p><span id=\"result_box\" class=\"\" lang=\"pt\"><span title=\"Lassen Sie uns Ihre W\u00fcnsche wissen, wir machen Ihnen ein Angebot.\">Fale seu destino e faremos uma oferta.<\/span><\/span><\/p>","protected":false},"excerpt":{"rendered":"<p>Economize tempo e veja mais da Europa! A partir de agora oferecemos alugu\u00e9is unidirecionais de v\u00e1rios locais na Alemanha e em muitas cidades da Europa. One Way Rentals dentro de Alemanha One Way Rentals est\u00e1 dispon\u00edvel para um m\u00ednimo de 1 semana de aluguel. Voc\u00ea pode usar a motocicleta das seguintes formas: Pegue em Frankfurt [&hellip;]<\/p>\n","protected":false},"author":1,"featured_media":217,"parent":0,"menu_order":0,"comment_status":"closed","ping_status":"closed","template":"","meta":{"footnotes":""},"class_list":["post-52","page","type-page","status-publish","has-post-thumbnail","hentry"],"aioseo_notices":[],"_links":{"self":[{"href":"https:\/\/www.motorradvermietung.de\/frankfurt\/pt\/wp-json\/wp\/v2\/pages\/52","targetHints":{"allow":["GET"]}}],"collection":[{"href":"https:\/\/www.motorradvermietung.de\/frankfurt\/pt\/wp-json\/wp\/v2\/pages"}],"about":[{"href":"https:\/\/www.motorradvermietung.de\/frankfurt\/pt\/wp-json\/wp\/v2\/types\/page"}],"author":[{"embeddable":true,"href":"https:\/\/www.motorradvermietung.de\/frankfurt\/pt\/wp-json\/wp\/v2\/users\/1"}],"replies":[{"embeddable":true,"href":"https:\/\/www.motorradvermietung.de\/frankfurt\/pt\/wp-json\/wp\/v2\/comments?post=52"}],"version-history":[{"count":16,"href":"https:\/\/www.motorradvermietung.de\/frankfurt\/pt\/wp-json\/wp\/v2\/pages\/52\/revisions"}],"predecessor-version":[{"id":313,"href":"https:\/\/www.motorradvermietung.de\/frankfurt\/pt\/wp-json\/wp\/v2\/pages\/52\/revisions\/313"}],"wp:featuredmedia":[{"embeddable":true,"href":"https:\/\/www.motorradvermietung.de\/frankfurt\/pt\/wp-json\/wp\/v2\/media\/217"}],"wp:attachment":[{"href":"https:\/\/www.motorradvermietung.de\/frankfurt\/pt\/wp-json\/wp\/v2\/media?parent=52"}],"curies":[{"name":"wp","href":"https:\/\/api.w.org\/{rel}","templated":true}]}}