{"id":88,"date":"2017-06-09T09:10:30","date_gmt":"2017-06-09T07:10:30","guid":{"rendered":"https:\/\/www.motorradvermietung.de\/frankfurt\/?page_id=88"},"modified":"2025-11-25T12:58:33","modified_gmt":"2025-11-25T11:58:33","slug":"impressum","status":"publish","type":"page","link":"https:\/\/www.motorradvermietung.de\/frankfurt\/pt\/impressum","title":{"rendered":"Institucional"},"content":{"rendered":"<p><\/p>\n<h2>Allround Vermietung Inh. Peter Meisel <\/h2>\n<p>Allround Vermietung Inh. Peter Meisel<br \/>\nMax-Holder-Str. 5<br \/>\n60437 Frankfurt<br \/>\nAlemanha<\/p>\n<p>Tel.: +49 (0)69 &#8211; 56 00 92 0<\/p>\n<p>Web: sandbox.motorradvermietung.de<br \/>\nE-Mail: info@motorradvermietung.de<\/p>\n<p>CEO: Peter Meisel<\/p>\n<p>CNPJ: DE 162616564<\/p>\n<p><span id=\"result_box\" class=\"\" lang=\"pt\"><span class=\"\">Advert\u00eancia: Apesar do controle cuidadoso de conte\u00fado, n\u00e3o assumimos responsabilidade pelo conte\u00fado de links externos.<\/span> <span class=\"\">O conte\u00fado das p\u00e1ginas vinculadas \u00e9 da exclusiva responsabilidade de seus operadores.<\/span><\/span><\/p>\n<h2>Webdesign e P<span id=\"result_box\" class=\"short_text\" lang=\"pt\"><span class=\"\">rograma\u00e7\u00e3o<\/span><\/span><\/h2>\n<p>Dots United GmbH<br \/>\nAgentur f\u00fcr digitale Medien<br \/>\nJungbuschstra\u00dfe 8<br \/>\n68159 Mannheim<\/p>\n<p>Tel.: +49 (0)621 &#8211; 4 23 68 86<\/p>\n<p>Web: <a href=\"https:\/\/dotsunited.de\">www.dotsunited.de<\/a><\/p>\n<h2><span id=\"result_box\" class=\"short_text\" lang=\"pt\"><span class=\"\">Pol\u00edtica de privacidade<\/span><\/span><\/h2>\n<p><span id=\"result_box\" class=\"\" lang=\"pt\"><span title=\"Diese Website benutzt Google Analytics, einen Webanalysedienst der Google Inc. (&quot;Google&quot;).\">Este site usa o Google Analytics, um servi\u00e7o de an\u00e1lise da web fornecido pela Google Inc. (&#8220;Google&#8221;). <\/span><span title=\"Google Analytics verwendet sog. &quot;Cookies&quot;, Textdateien, die auf Ihrem Computer gespeichert werden und die eine Analyse der Benutzung der Website durch Sie erm\u00f6glicht.\">O Google Analytics usa os chamados &#8220;cookies&#8221;, arquivos de texto que s\u00e3o armazenados em seu computador e que permitem que voc\u00ea analise o uso do site. <\/span><span title=\"Die durch den Cookie erzeugten Informationen \u00fcber Ihre Benutzung diese Website (einschlie\u00dflich Ihrer IP-Adresse) wird an einen Server von Google in den USA \u00fcbertragen und dort gespeichert.\">As informa\u00e7\u00f5es geradas pelo cookie sobre o uso deste site (incluindo seu endere\u00e7o IP) s\u00e3o transmitidas e armazenadas pelo Google em servidores nos Estados Unidos. <\/span><span title=\"Google wird diese Informationen benutzen, um Ihre Nutzung der Website auszuwerten, um Reports \u00fcber die Websiteaktivit\u00e4ten f\u00fcr die Websitebetreiber zusammenzustellen und um weitere mit der Websitenutzung und der Internetnutzung verbundene Dienstleistungen zu erbringen.\">O Google usar\u00e1 essas informa\u00e7\u00f5es para avaliar seu uso do site, para compilar relat\u00f3rios sobre a atividade do site para operadores de sites e para fornecer outros servi\u00e7os relacionados \u00e0 atividade do site e ao uso da internet. <\/span><span title=\"Auch wird Google diese Informationen gegebenenfalls an Dritte \u00fcbertragen, sofern dies gesetzlich vorgeschrieben oder soweit Dritte diese Daten im Auftrag von Google verarbeiten.\">O Google tamb\u00e9m pode transferir essas informa\u00e7\u00f5es para terceiros, se exigido por lei ou, tanto quanto terceiros, processar esses dados em nome do Google. <\/span><span title=\"Google wird in keinem Fall Ihre IP-Adresse mit anderen Daten der Google in Verbindung bringen.\">O Google, em nenhum caso, associar\u00e1 seu endere\u00e7o IP a outros dados do Google. <\/span><span title=\"Sie k\u00f6nnen die Installation der Cookies durch eine entsprechende Einstellung Ihrer Browser Software verhindern;\">Voc\u00ea pode impedir a instala\u00e7\u00e3o de cookies configurando o software do seu navegador de acordo com isso; <\/span><span title=\"wir weisen Sie jedoch darauf hin, dass Sie in diesem Fall gegebenenfalls nicht s\u00e4mtliche Funktionen dieser Website voll umf\u00e4nglich nutzen k\u00f6nnen.\">No entanto, tenha em aten\u00e7\u00e3o que, neste caso, poder\u00e1 n\u00e3o poder utilizar todos os recursos deste site. <\/span><span title=\"Durch die Nutzung dieser Website erkl\u00e4ren Sie sich mit der Bearbeitung der \u00fcber Sie erhobenen Daten durch Google in der zuvor beschriebenen Art und Weise und zu dem zuvor benannten Zweck einverstanden.\">Ao usar este site, voc\u00ea concorda com o processamento de dados sobre voc\u00ea pelo Google, da maneira e para os fins estabelecidos acima.<\/span><\/span><\/p>\n<p>&nbsp;<\/p>","protected":false},"excerpt":{"rendered":"<p>Allround Vermietung Inh. Peter Meisel Allround Vermietung Inh. Peter Meisel Max-Holder-Str. 5 60437 Frankfurt Alemanha Tel.: +49 (0)69 &#8211; 56 00 92 0 Web: sandbox.motorradvermietung.de E-Mail: info@motorradvermietung.de CEO: Peter Meisel CNPJ: DE 162616564 Advert\u00eancia: Apesar do controle cuidadoso de conte\u00fado, n\u00e3o assumimos responsabilidade pelo conte\u00fado de links externos. O conte\u00fado das p\u00e1ginas vinculadas \u00e9 da [&hellip;]<\/p>\n","protected":false},"author":1,"featured_media":0,"parent":0,"menu_order":0,"comment_status":"closed","ping_status":"closed","template":"","meta":{"footnotes":""},"class_list":["post-88","page","type-page","status-publish","hentry"],"aioseo_notices":[],"_links":{"self":[{"href":"https:\/\/www.motorradvermietung.de\/frankfurt\/pt\/wp-json\/wp\/v2\/pages\/88","targetHints":{"allow":["GET"]}}],"collection":[{"href":"https:\/\/www.motorradvermietung.de\/frankfurt\/pt\/wp-json\/wp\/v2\/pages"}],"about":[{"href":"https:\/\/www.motorradvermietung.de\/frankfurt\/pt\/wp-json\/wp\/v2\/types\/page"}],"author":[{"embeddable":true,"href":"https:\/\/www.motorradvermietung.de\/frankfurt\/pt\/wp-json\/wp\/v2\/users\/1"}],"replies":[{"embeddable":true,"href":"https:\/\/www.motorradvermietung.de\/frankfurt\/pt\/wp-json\/wp\/v2\/comments?post=88"}],"version-history":[{"count":16,"href":"https:\/\/www.motorradvermietung.de\/frankfurt\/pt\/wp-json\/wp\/v2\/pages\/88\/revisions"}],"predecessor-version":[{"id":433,"href":"https:\/\/www.motorradvermietung.de\/frankfurt\/pt\/wp-json\/wp\/v2\/pages\/88\/revisions\/433"}],"wp:attachment":[{"href":"https:\/\/www.motorradvermietung.de\/frankfurt\/pt\/wp-json\/wp\/v2\/media?parent=88"}],"curies":[{"name":"wp","href":"https:\/\/api.w.org\/{rel}","templated":true}]}}