{"id":11,"date":"2017-07-03T14:34:06","date_gmt":"2017-07-03T12:34:06","guid":{"rendered":"https:\/\/www.motorradvermietung.de\/muenchen\/?page_id=11"},"modified":"2024-04-11T18:07:16","modified_gmt":"2024-04-11T16:07:16","slug":"tarife","status":"publish","type":"page","link":"https:\/\/www.motorradvermietung.de\/muenchen\/de\/tarife","title":{"rendered":"Tarife"},"content":{"rendered":"<p><\/p>\n<p class=\"editor__intro\">Wir bieten unsere Motorr\u00e4der in verschiedenen Tarifen an. Der Tarif 0 ist der g\u00fcnstigste Tarif.<\/p>\n<p>Eine Gesamt\u00fcbersicht aller Motorr\u00e4der finden Sie <a href=\"https:\/\/www.motorradvermietung.de\/muenchen\/de\/motorraeder\/\">hier<\/a>.<\/p>","protected":false},"excerpt":{"rendered":"<p>Wir bieten unsere Motorr\u00e4der in verschiedenen Tarifen an. Der Tarif 0 ist der g\u00fcnstigste Tarif. Eine Gesamt\u00fcbersicht aller Motorr\u00e4der finden Sie hier.<\/p>\n","protected":false},"author":1,"featured_media":0,"parent":0,"menu_order":0,"comment_status":"closed","ping_status":"closed","template":"page-tarif.php","meta":{"footnotes":""},"class_list":["post-11","page","type-page","status-publish","hentry"],"aioseo_notices":[],"_links":{"self":[{"href":"https:\/\/www.motorradvermietung.de\/muenchen\/de\/wp-json\/wp\/v2\/pages\/11","targetHints":{"allow":["GET"]}}],"collection":[{"href":"https:\/\/www.motorradvermietung.de\/muenchen\/de\/wp-json\/wp\/v2\/pages"}],"about":[{"href":"https:\/\/www.motorradvermietung.de\/muenchen\/de\/wp-json\/wp\/v2\/types\/page"}],"author":[{"embeddable":true,"href":"https:\/\/www.motorradvermietung.de\/muenchen\/de\/wp-json\/wp\/v2\/users\/1"}],"replies":[{"embeddable":true,"href":"https:\/\/www.motorradvermietung.de\/muenchen\/de\/wp-json\/wp\/v2\/comments?post=11"}],"version-history":[{"count":10,"href":"https:\/\/www.motorradvermietung.de\/muenchen\/de\/wp-json\/wp\/v2\/pages\/11\/revisions"}],"predecessor-version":[{"id":297,"href":"https:\/\/www.motorradvermietung.de\/muenchen\/de\/wp-json\/wp\/v2\/pages\/11\/revisions\/297"}],"wp:attachment":[{"href":"https:\/\/www.motorradvermietung.de\/muenchen\/de\/wp-json\/wp\/v2\/media?parent=11"}],"curies":[{"name":"wp","href":"https:\/\/api.w.org\/{rel}","templated":true}]}}