{"id":14,"date":"2017-07-03T14:37:47","date_gmt":"2017-07-03T12:37:47","guid":{"rendered":"https:\/\/www.motorradvermietung.de\/muenchen\/?page_id=14"},"modified":"2021-02-15T11:35:56","modified_gmt":"2021-02-15T10:35:56","slug":"ueber-uns","status":"publish","type":"page","link":"https:\/\/www.motorradvermietung.de\/muenchen\/de\/ueber-uns","title":{"rendered":"\u00dcber Uns"},"content":{"rendered":"<p><\/p>\n<p class=\"editor__intro\">In 2017 haben wir eine eigene Mietstation in der N\u00e4he des M\u00fcnchner Flughafens er\u00f6ffnet.<\/p>\n<p><img loading=\"lazy\" decoding=\"async\" class=\"alignright size-full\" src=\"https:\/\/www.motorradvermietung.de\/muenchen\/wp-content\/uploads\/sites\/4\/2017\/11\/frontpage-box-muenchen.png\" alt=\"\" width=\"450\" height=\"464\" \/><\/p>\n<p>Hier k\u00f6nnt Ihr ab sofort Motorr\u00e4der zu den gleichen Konditionen wie in Frankfurt mieten. Egal ob f\u00fcr den Tagesausflug oder die gro\u00dfe Europareise, wir haben das passende Motorrad. Fast alle sind mit Seitenkoffern, Topcase und Navigationsystemen buchbar.<\/p>\n<p>Wir vermieten Motorr\u00e4der der Hersteller BMW, KTM, Kawasaki, Harley Davidson, Honda und Yamaha.<\/p>\n<p>Wir sind selbst langj\u00e4hrige, erfahrene Motorradfahrer &#8211; <a href=\"https:\/\/www.motorradvermietung.de\/frankfurt\/buchungsanfrage\/\">sprechen Sie uns an<\/a>,\u00a0wir beraten Sie gerne.<\/p>\n<h2>Seit 1987 vermieten wir Motorr\u00e4der<\/h2>\n<p>Vom kleinen Chopper \u00fcber Reiseenduros bis zum Superbike. Dem Anf\u00e4nger, Genie\u00dfer, Touren-, Enduro-, Chopper- und Sport-Fahrer, bieten wir eine Auswahl von ca. 150 Motorr\u00e4dern. Eine Auflistung aller Fahrzeuge finden Sie bei der Gesamt\u00fcbersicht.<\/p>\n<p>Helme, Jacken, Navigationssysteme, Regenbekleidung, Gep\u00e4ckkoffer, Topcase, Tankrucks\u00e4cke k\u00f6nnen Sie bei uns ausleihen. Wir r\u00fcsten Sie aus, mit allem was Sie f\u00fcr die gro\u00dfe oder kleine Tour ben\u00f6tigen \u2013 klicken Sie sich durchs Zubeh\u00f6r.<\/p>\n<h2>Qualit\u00e4t und Wartung<\/h2>\n<p>Die Motorr\u00e4der werden in unserer angeschlossenen Meisterwerkstatt regelm\u00e4\u00dfig gewartet und vor jeder Tour durchgecheckt.<\/p>\n<p>Sprechen Sie mit uns,<br \/>\ndenn Motorradfahren ist unsere Leidenschaft.<\/p>\n<p><strong>Wir beraten Sie gerne!<\/strong><\/p>","protected":false},"excerpt":{"rendered":"<p>In 2017 haben wir eine eigene Mietstation in der N\u00e4he des M\u00fcnchner Flughafens er\u00f6ffnet. Hier k\u00f6nnt Ihr ab sofort Motorr\u00e4der zu den gleichen Konditionen wie in Frankfurt mieten. Egal ob f\u00fcr den Tagesausflug oder die gro\u00dfe Europareise, wir haben das passende Motorrad. Fast alle sind mit Seitenkoffern, Topcase und Navigationsystemen buchbar. Wir vermieten Motorr\u00e4der der [&hellip;]<\/p>\n","protected":false},"author":1,"featured_media":0,"parent":0,"menu_order":0,"comment_status":"closed","ping_status":"closed","template":"","meta":{"footnotes":""},"class_list":["post-14","page","type-page","status-publish","hentry"],"aioseo_notices":[],"_links":{"self":[{"href":"https:\/\/www.motorradvermietung.de\/muenchen\/de\/wp-json\/wp\/v2\/pages\/14","targetHints":{"allow":["GET"]}}],"collection":[{"href":"https:\/\/www.motorradvermietung.de\/muenchen\/de\/wp-json\/wp\/v2\/pages"}],"about":[{"href":"https:\/\/www.motorradvermietung.de\/muenchen\/de\/wp-json\/wp\/v2\/types\/page"}],"author":[{"embeddable":true,"href":"https:\/\/www.motorradvermietung.de\/muenchen\/de\/wp-json\/wp\/v2\/users\/1"}],"replies":[{"embeddable":true,"href":"https:\/\/www.motorradvermietung.de\/muenchen\/de\/wp-json\/wp\/v2\/comments?post=14"}],"version-history":[{"count":10,"href":"https:\/\/www.motorradvermietung.de\/muenchen\/de\/wp-json\/wp\/v2\/pages\/14\/revisions"}],"predecessor-version":[{"id":227,"href":"https:\/\/www.motorradvermietung.de\/muenchen\/de\/wp-json\/wp\/v2\/pages\/14\/revisions\/227"}],"wp:attachment":[{"href":"https:\/\/www.motorradvermietung.de\/muenchen\/de\/wp-json\/wp\/v2\/media?parent=14"}],"curies":[{"name":"wp","href":"https:\/\/api.w.org\/{rel}","templated":true}]}}