{"id":22,"date":"2017-07-03T14:42:44","date_gmt":"2017-07-03T12:42:44","guid":{"rendered":"https:\/\/www.motorradvermietung.de\/muenchen\/?page_id=22"},"modified":"2024-03-13T07:49:55","modified_gmt":"2024-03-13T06:49:55","slug":"buchungsanfrage","status":"publish","type":"page","link":"https:\/\/www.motorradvermietung.de\/muenchen\/de\/buchungsanfrage","title":{"rendered":"Buchungsanfrage"},"content":{"rendered":"<p>Auf dieser Seite k\u00f6nnen Sie einfach und bequem eine Buchungsanfrage f\u00fcr einen gew\u00fcnschten Zeitraum angeben. Sie k\u00f6nnen uns anrufen oder das Onlineformular nutzen.<\/p>\n<p>Tipp: Wenn Sie genau wissen welches Motorrad Sie zu welcher Zeit mieten wollen, k\u00f6nnen Sie <a href=\"https:\/\/www.motorradvermietung.de\/muenchen\/de\/motorraeder\/\">hier ihr Motorrad ausw\u00e4hlen<\/a> und verbindlich reservieren.<\/p>\n<h2>Anfrage per Telefon<\/h2>\n<p>Telefon: +49 (0)69-56 00 92 0<\/p>","protected":false},"excerpt":{"rendered":"<p>Auf dieser Seite k\u00f6nnen Sie einfach und bequem eine Buchungsanfrage f\u00fcr einen gew\u00fcnschten Zeitraum angeben. Sie k\u00f6nnen uns anrufen oder das Onlineformular nutzen. Tipp: Wenn Sie genau wissen welches Motorrad Sie zu welcher Zeit mieten wollen, k\u00f6nnen Sie hier ihr Motorrad ausw\u00e4hlen und verbindlich reservieren. Anfrage per Telefon Telefon: +49 (0)69-56 00 92 0<\/p>\n","protected":false},"author":1,"featured_media":0,"parent":0,"menu_order":0,"comment_status":"closed","ping_status":"closed","template":"page-inquiry.php","meta":{"footnotes":""},"class_list":["post-22","page","type-page","status-publish","hentry"],"aioseo_notices":[],"_links":{"self":[{"href":"https:\/\/www.motorradvermietung.de\/muenchen\/de\/wp-json\/wp\/v2\/pages\/22","targetHints":{"allow":["GET"]}}],"collection":[{"href":"https:\/\/www.motorradvermietung.de\/muenchen\/de\/wp-json\/wp\/v2\/pages"}],"about":[{"href":"https:\/\/www.motorradvermietung.de\/muenchen\/de\/wp-json\/wp\/v2\/types\/page"}],"author":[{"embeddable":true,"href":"https:\/\/www.motorradvermietung.de\/muenchen\/de\/wp-json\/wp\/v2\/users\/1"}],"replies":[{"embeddable":true,"href":"https:\/\/www.motorradvermietung.de\/muenchen\/de\/wp-json\/wp\/v2\/comments?post=22"}],"version-history":[{"count":15,"href":"https:\/\/www.motorradvermietung.de\/muenchen\/de\/wp-json\/wp\/v2\/pages\/22\/revisions"}],"predecessor-version":[{"id":288,"href":"https:\/\/www.motorradvermietung.de\/muenchen\/de\/wp-json\/wp\/v2\/pages\/22\/revisions\/288"}],"wp:attachment":[{"href":"https:\/\/www.motorradvermietung.de\/muenchen\/de\/wp-json\/wp\/v2\/media?parent=22"}],"curies":[{"name":"wp","href":"https:\/\/api.w.org\/{rel}","templated":true}]}}