{"id":30,"date":"2017-07-03T14:50:35","date_gmt":"2017-07-03T12:50:35","guid":{"rendered":"https:\/\/www.motorradvermietung.de\/muenchen\/?page_id=30"},"modified":"2024-04-11T09:03:53","modified_gmt":"2024-04-11T07:03:53","slug":"zubehoer","status":"publish","type":"page","link":"https:\/\/www.motorradvermietung.de\/muenchen\/de\/zubehoer","title":{"rendered":"Zubeh\u00f6r"},"content":{"rendered":"<p>Zus\u00e4tzlich zu den Motorr\u00e4dern k\u00f6nnen Sie auch folgendes Zubeh\u00f6r bei uns leihen. Sollten Sie weiteres Equipment ben\u00f6tigen, helfen wir Ihnen gerne weiter. Sprechen Sie uns an &#8211; wir beraten Sie gerne!<\/p>\n<p><strong>Gep\u00e4ckaufbewahrung:<\/strong> W\u00e4hrend Ihrer Reise k\u00f6nnen Sie Ihre nicht ben\u00f6tigten Koffer \/ Taschen bei uns kostenfrei Lagern.<\/p>\n<table border=\"0\" width=\"100%\">\n<thead>\n<tr>\n<th>Zubeh\u00f6r<\/th>\n<th>pro Tag<\/th>\n<th>pro Woche<\/th>\n<th>pro Vermietung<\/th>\n<\/tr>\n<\/thead>\n<tbody>\n<tr>\n<td>Jacke<\/td>\n<td>13,00 \u20ac<\/td>\n<td>50,00 \u20ac<\/td>\n<td>&#8211;<\/td>\n<\/tr>\n<tr>\n<td>Handschuhe<\/td>\n<td>5,00 \u20ac<\/td>\n<td>20,00 \u20ac<\/td>\n<td>&#8211;<\/td>\n<\/tr>\n<tr>\n<td>Navigationssystem<\/td>\n<td>&#8211;<\/td>\n<td>&#8211;<\/td>\n<td>60,00 \u20ac<\/td>\n<\/tr>\n<tr>\n<td>Softbags<\/td>\n<td>5,00 \u20ac<\/td>\n<td>30,00 \u20ac<\/td>\n<td>&#8211;<\/td>\n<\/tr>\n<tr>\n<td>Helm<\/td>\n<td>5,00 \u20ac<\/td>\n<td>20,00 \u20ac<\/td>\n<td>&#8211;<\/td>\n<\/tr>\n<tr>\n<td>Sidecases \/ Koffer (pro Paar)<\/td>\n<td>8,00 \u20ac<\/td>\n<td>40,00 \u20ac<\/td>\n<td>&#8211;<\/td>\n<\/tr>\n<tr>\n<td>Handyhalterung<\/td>\n<td>5,00 \u20ac<\/td>\n<td>20,00 \u20ac<\/td>\n<td>&#8211;<\/td>\n<\/tr>\n<tr>\n<td>Topcase<\/td>\n<td>5,00 \u20ac<\/td>\n<td>30,00 \u20ac<\/td>\n<td>&#8211;<\/td>\n<\/tr>\n<tr>\n<td>Regenhose<\/td>\n<td>2,50 \u20ac<\/td>\n<td>10,00 \u20ac<\/td>\n<td>&#8211;<\/td>\n<\/tr>\n<tr>\n<td><\/td>\n<td><\/td>\n<td><\/td>\n<td><\/td>\n<\/tr>\n<tr>\n<td colspan=\"4\">Pauschalpreise f\u00fcr Langzeitmieten auf Anfrage.<\/td>\n<\/tr>\n<\/tbody>\n<\/table>\n<p><\/p>","protected":false},"excerpt":{"rendered":"<p>Zus\u00e4tzlich zu den Motorr\u00e4dern k\u00f6nnen Sie auch folgendes Zubeh\u00f6r bei uns leihen. Sollten Sie weiteres Equipment ben\u00f6tigen, helfen wir Ihnen gerne weiter. Sprechen Sie uns an &#8211; wir beraten Sie gerne! Gep\u00e4ckaufbewahrung: W\u00e4hrend Ihrer Reise k\u00f6nnen Sie Ihre nicht ben\u00f6tigten Koffer \/ Taschen bei uns kostenfrei Lagern. Zubeh\u00f6r pro Tag pro Woche pro Vermietung Jacke [&hellip;]<\/p>\n","protected":false},"author":1,"featured_media":0,"parent":0,"menu_order":0,"comment_status":"closed","ping_status":"closed","template":"","meta":{"footnotes":""},"class_list":["post-30","page","type-page","status-publish","hentry"],"aioseo_notices":[],"_links":{"self":[{"href":"https:\/\/www.motorradvermietung.de\/muenchen\/de\/wp-json\/wp\/v2\/pages\/30","targetHints":{"allow":["GET"]}}],"collection":[{"href":"https:\/\/www.motorradvermietung.de\/muenchen\/de\/wp-json\/wp\/v2\/pages"}],"about":[{"href":"https:\/\/www.motorradvermietung.de\/muenchen\/de\/wp-json\/wp\/v2\/types\/page"}],"author":[{"embeddable":true,"href":"https:\/\/www.motorradvermietung.de\/muenchen\/de\/wp-json\/wp\/v2\/users\/1"}],"replies":[{"embeddable":true,"href":"https:\/\/www.motorradvermietung.de\/muenchen\/de\/wp-json\/wp\/v2\/comments?post=30"}],"version-history":[{"count":10,"href":"https:\/\/www.motorradvermietung.de\/muenchen\/de\/wp-json\/wp\/v2\/pages\/30\/revisions"}],"predecessor-version":[{"id":294,"href":"https:\/\/www.motorradvermietung.de\/muenchen\/de\/wp-json\/wp\/v2\/pages\/30\/revisions\/294"}],"wp:attachment":[{"href":"https:\/\/www.motorradvermietung.de\/muenchen\/de\/wp-json\/wp\/v2\/media?parent=30"}],"curies":[{"name":"wp","href":"https:\/\/api.w.org\/{rel}","templated":true}]}}