{"id":32,"date":"2017-07-03T14:51:04","date_gmt":"2017-07-03T12:51:04","guid":{"rendered":"https:\/\/www.motorradvermietung.de\/muenchen\/?page_id=32"},"modified":"2024-03-06T14:31:51","modified_gmt":"2024-03-06T13:31:51","slug":"uebernachtung","status":"publish","type":"page","link":"https:\/\/www.motorradvermietung.de\/muenchen\/de\/uebernachtung","title":{"rendered":"\u00dcbernachtung"},"content":{"rendered":"<p><\/p>\n<h2>Diese Hotels, unmittelbar in N\u00e4he unseres Standortes, k\u00f6nnen wir Ihnen empfehlen&#8230;<\/h2>\n<h2>Hotel Wei\u00dfbr\u00e4u Erding<\/h2>\n<p>Lange Zeile 1 \u2013 3 , 85435 Erding<br \/>\nTel.: +49 (0)8122 88 001 0<br \/>\nE-Mail: erding@hotels-erdinger.de<br \/>\n<a href=\"http:\/\/www.hotels-erdinger-erding.de\/\" target=\"_blank\" rel=\"noopener\">Zur Website<\/a><\/p>\n<h2>Hotel IBIS Erding<\/h2>\n<p>Johann Auer Strasse 5, 85435 Erding<br \/>\nTel.: +49 (0)8122 9553820<br \/>\n<a href=\"https:\/\/www.accorhotels.com\/gb\/hotel-8697-ibis-budget-muenchen-airport-erding\/index.shtml\" target=\"_blank\" rel=\"noopener\">Zur Website<\/a><\/p>\n<h2>Hotel Henry Erding<\/h2>\n<p>Dachauerstrasse 1, 85435 Erding<br \/>\nTel.: +49 (0)8122 9099030<br \/>\nE-Mail: info@hotel-henry.de<br \/>\n<a href=\"https:\/\/www.hotel-henry.de\/Home\" target=\"_blank\" rel=\"noopener\">Zur Website<\/a><\/p>\n<h2>Pension\/ Hotel Linner<\/h2>\n<p>Melkstattstrasse 17, 85435 Erding<br \/>\nTel.: +49 (0)8122 20490<br \/>\nE-Mail: mail@hotel-linner.de<br \/>\n<a href=\"https:\/\/www.hotel-linner.de\/de\/\">Zur Website<\/a><\/p>","protected":false},"excerpt":{"rendered":"<p>Diese Hotels, unmittelbar in N\u00e4he unseres Standortes, k\u00f6nnen wir Ihnen empfehlen&#8230; Hotel Wei\u00dfbr\u00e4u Erding Lange Zeile 1 \u2013 3 , 85435 Erding Tel.: +49 (0)8122 88 001 0 E-Mail: erding@hotels-erdinger.de Zur Website Hotel IBIS Erding Johann Auer Strasse 5, 85435 Erding Tel.: +49 (0)8122 9553820 Zur Website Hotel Henry Erding Dachauerstrasse 1, 85435 Erding Tel.: [&hellip;]<\/p>\n","protected":false},"author":1,"featured_media":0,"parent":0,"menu_order":0,"comment_status":"closed","ping_status":"closed","template":"","meta":{"footnotes":""},"class_list":["post-32","page","type-page","status-publish","hentry"],"aioseo_notices":[],"_links":{"self":[{"href":"https:\/\/www.motorradvermietung.de\/muenchen\/de\/wp-json\/wp\/v2\/pages\/32","targetHints":{"allow":["GET"]}}],"collection":[{"href":"https:\/\/www.motorradvermietung.de\/muenchen\/de\/wp-json\/wp\/v2\/pages"}],"about":[{"href":"https:\/\/www.motorradvermietung.de\/muenchen\/de\/wp-json\/wp\/v2\/types\/page"}],"author":[{"embeddable":true,"href":"https:\/\/www.motorradvermietung.de\/muenchen\/de\/wp-json\/wp\/v2\/users\/1"}],"replies":[{"embeddable":true,"href":"https:\/\/www.motorradvermietung.de\/muenchen\/de\/wp-json\/wp\/v2\/comments?post=32"}],"version-history":[{"count":17,"href":"https:\/\/www.motorradvermietung.de\/muenchen\/de\/wp-json\/wp\/v2\/pages\/32\/revisions"}],"predecessor-version":[{"id":278,"href":"https:\/\/www.motorradvermietung.de\/muenchen\/de\/wp-json\/wp\/v2\/pages\/32\/revisions\/278"}],"wp:attachment":[{"href":"https:\/\/www.motorradvermietung.de\/muenchen\/de\/wp-json\/wp\/v2\/media?parent=32"}],"curies":[{"name":"wp","href":"https:\/\/api.w.org\/{rel}","templated":true}]}}