{"id":34,"date":"2017-07-03T14:51:46","date_gmt":"2017-07-03T12:51:46","guid":{"rendered":"https:\/\/www.motorradvermietung.de\/muenchen\/?page_id=34"},"modified":"2024-04-10T17:48:25","modified_gmt":"2024-04-10T15:48:25","slug":"allgemeine-geschaeftsbedingungen","status":"publish","type":"page","link":"https:\/\/www.motorradvermietung.de\/muenchen\/de\/allgemeine-geschaeftsbedingungen","title":{"rendered":"Allgemeine Gesch\u00e4ftsbedingungen"},"content":{"rendered":"<p>F\u00fcr alle Anmietungen gelten die Mietbedingungen auf der R\u00fcckseite des Mietvertrages als verbindliche Vertragsgrundlage. Au\u00dferdem gelten folgende Regelungen:<\/p>\n<h2>Miettarife und Reservierung<\/h2>\n<p>Miettarife schlie\u00dfen ein: Wartungsdienste, Kfz.-Steuern, \u00d6lwechsel. Miettarife schlie\u00dfen nicht ein: Kraftstoff und Versicherung pers\u00f6nlicher Gegenst\u00e4nde. Die Berechnung der gefahrenen Kilometer beginnt immer an der Station. Reservierungen werden nach M\u00f6glichkeit f\u00fcr jeden Fahrzeugtyp entgegengenommen, k\u00f6nnen jedoch nur f\u00fcr die entsprechende Preisgruppe als verbindlich gelten.<\/p>\n<p>Reservierung ist nur gegen eine Anzahlung von mindestens EUR 50,-\u00ad bzw. 30% der vorraussichtlichen Mietkosten m\u00f6glich.<\/p>\n<h2>Stornierungen<\/h2>\n<p>Bei einer Stornierung der Buchung mindestens 42 Tage vor Mietbeginn wird die geleistete Anzahlung unter Abzug einer Bearbeitungsgeb\u00fchr von EUR 60,\u2013 zur\u00fcckerstattet. Bei Stornierung bis 48 Std. vor Abholung verf\u00e4llt die Anzahlung. Bei Stornierung weniger als 48 Std. vor dem Abholungtermin oder bei Nichtabholen des Fahrzeugs ist der komplette Mietpreis zu entrichten.<\/p>\n<p>Eine Stornierung nach \u00dcbergabe des TAges bzw. eine teilweise R\u00fcckerstattung bei fr\u00fchzeitiger R\u00fcckgabe ist nicht m\u00f6glich.<\/p>\n<h2>Versicherungsschutz (Motorr\u00e4der)<\/h2>\n<p>F\u00fcr Ihr Motorrad besteht eine unbegrenzte Haftpflichtversicherung (Personensch\u00e4den bis EUR 3,8 Millionen). Au\u00dferdem besteht eine Teilkaskoversicherung gegen Feuer-, Diebstahl-,Glasbruch- und Wildsch\u00e4den mit einer Selbstbeteiligung von<\/p>\n<ul>\n<li>EUR 1.500,-\u00ad Gruppe 1-3<\/li>\n<li>EUR 2.500,-\u00ad Gruppe 4-10.<\/li>\n<\/ul>\n<p>F\u00fcr Sch\u00e4den am Mietfahrzeug ist pro Schadensfall eine Selbstbeteiligung in H\u00f6he von<\/p>\n<ul>\n<li>EUR 1.500,-\u00ad Gruppe 1-3<\/li>\n<li>EUR 2.500,-\u00ad Gruppe 4-10<\/li>\n<\/ul>\n<p>zu entrichten.<\/p>\n<p>Trotz Vollkaskoversicherung haftet der Mieter f\u00fcr Reifensch\u00e4den und Abschleppkosten sowie bei Verst\u00f6\u00dfen gegen \u00a7 11 der Vertragsbedingungen.<\/p>\n<h2>Reduzierung der Selbstbeteiligung<\/h2>\n<p>F\u00fcr Ihr Motorrad kann die Selbstbeteiligung bei Vollkaskosch\u00e4den auf EUR 350,-\u00ad je Schadensereignis reduziert werden. Die Kosten betragen<\/p>\n<ul>\n<li>EUR 10,-\u00ad (Gruppe 0)<\/li>\n<li>EUR 15,-\u00ad (Gruppe 1-3)<\/li>\n<li>EUR 20,-\u00ad (Gruppe 4-5)<\/li>\n<li>EUR 25,-\u00ad (Gruppe 6-10)<\/li>\n<\/ul>\n<p>je angefangenem Miettag (1 Miettag = 24 Std.). Die Versicherung muss vor Fahrtantritt abgeschlossen werden.\u00a0Die Selbstbeteiligung Reduzierung ist ab einer Mindestmietzeit\u00a0 von 3 Tage m\u00f6glich. Davon unber\u00fchrt bleibt die Selbstbeteiligung bei Diebstahlsch\u00e4den (Teilkasko).<\/p>\n<p>Abschlepp- und Bergungskosten, sowie evtl. Kosten f\u00fcr die Fahrzeugr\u00fcckf\u00fchrung zur Mietstation tr\u00e4gt in jedem Fall der Mieter.<\/p>\n<h2>Zahlungsbedingungen<\/h2>\n<p>Wir ben\u00f6tigen eine Mietvorauszahlung mindestens in H\u00f6he der vorraussichtlichen Miet- und Nebenkosten. Mietverl\u00e4ngerungen nur gegen weitere Vorauszahlung. Wir akzeptieren alle g\u00e4ngigen Kreditkarten wie Visa, Euro\/Mastercard, Diners, Amexco.<\/p>\n<h2>Zustellung\/Abholung<\/h2>\n<p>F\u00fcr eine eventuelle Zustellung\/Abholung berechnen wir pro KM EUR 1,20 . Mindestens jedoch EUR 70,00.<\/p>\n<h2>Kaution<\/h2>\n<p>Jeder Mieter mu\u00df bei Anmietung des Fahrzeuges eine Kaution in H\u00f6he der Selbstbeteiligung der Vollkaskoversicherung von EUR 1500,-\u00ad bis EUR 2.500,-\u00ad in Form von Kreditkarten hinterlegen.<\/p>\n<h2>Strafzettel &amp; Bu\u00dfgeld<\/h2>\n<p>Der Mieter haftet f\u00fcr alle Strafzettel und Bu\u00dfgelder, die w\u00e4hrend seiner Mietzeit ausgestellt wurden. F\u00fcr die Bearbeitung des Bu\u00dfgeldes erheben wir eine Geb\u00fchr in H\u00f6he von 30,-\u20ac, die zusammen mit dem Bu\u00dfgeld von der hinterlegten Kreditkarte des Mieters abgebucht wird.<\/p>\n<p>&nbsp;<\/p>\n<h2>Was wir von Ihnen ben\u00f6tigen:<\/h2>\n<p>Bei Anmietung ben\u00f6tigen wir von Ihnen einen g\u00fcltigen F\u00fchrerschein, Personalausweis oder Pa\u00df mit Meldebest\u00e4tigung sowie eine Mietvorauszahlung.<\/p>\n<p><strong>Preise inkl. Voll- und Teilkaskoversicherung. Kaution: F\u00fcr jedes Motorrad mu\u00df eine Kaution in H\u00f6he der Selbstbeteiligung von EUR 1500,- bis 2.500,-\u00ad hinterlegt werden. Die Kaution mu\u00df in Form von Kreditkarten hinterlegt werden. Bargeldkaution ist nach Absprache m\u00f6glich. G\u00fcltig ab 1. Januar 2017. Alle Preise in EUR inkl. 19% MwSt.<\/strong><\/p>","protected":false},"excerpt":{"rendered":"<p>F\u00fcr alle Anmietungen gelten die Mietbedingungen auf der R\u00fcckseite des Mietvertrages als verbindliche Vertragsgrundlage. Au\u00dferdem gelten folgende Regelungen: Miettarife und Reservierung Miettarife schlie\u00dfen ein: Wartungsdienste, Kfz.-Steuern, \u00d6lwechsel. Miettarife schlie\u00dfen nicht ein: Kraftstoff und Versicherung pers\u00f6nlicher Gegenst\u00e4nde. Die Berechnung der gefahrenen Kilometer beginnt immer an der Station. Reservierungen werden nach M\u00f6glichkeit f\u00fcr jeden Fahrzeugtyp entgegengenommen, k\u00f6nnen [&hellip;]<\/p>\n","protected":false},"author":1,"featured_media":0,"parent":0,"menu_order":0,"comment_status":"closed","ping_status":"closed","template":"","meta":{"footnotes":""},"class_list":["post-34","page","type-page","status-publish","hentry"],"aioseo_notices":[],"_links":{"self":[{"href":"https:\/\/www.motorradvermietung.de\/muenchen\/de\/wp-json\/wp\/v2\/pages\/34","targetHints":{"allow":["GET"]}}],"collection":[{"href":"https:\/\/www.motorradvermietung.de\/muenchen\/de\/wp-json\/wp\/v2\/pages"}],"about":[{"href":"https:\/\/www.motorradvermietung.de\/muenchen\/de\/wp-json\/wp\/v2\/types\/page"}],"author":[{"embeddable":true,"href":"https:\/\/www.motorradvermietung.de\/muenchen\/de\/wp-json\/wp\/v2\/users\/1"}],"replies":[{"embeddable":true,"href":"https:\/\/www.motorradvermietung.de\/muenchen\/de\/wp-json\/wp\/v2\/comments?post=34"}],"version-history":[{"count":15,"href":"https:\/\/www.motorradvermietung.de\/muenchen\/de\/wp-json\/wp\/v2\/pages\/34\/revisions"}],"predecessor-version":[{"id":290,"href":"https:\/\/www.motorradvermietung.de\/muenchen\/de\/wp-json\/wp\/v2\/pages\/34\/revisions\/290"}],"wp:attachment":[{"href":"https:\/\/www.motorradvermietung.de\/muenchen\/de\/wp-json\/wp\/v2\/media?parent=34"}],"curies":[{"name":"wp","href":"https:\/\/api.w.org\/{rel}","templated":true}]}}