{"id":55,"date":"2017-07-03T15:07:30","date_gmt":"2017-07-03T13:07:30","guid":{"rendered":"https:\/\/www.motorradvermietung.de\/muenchen\/?page_id=55"},"modified":"2021-02-15T11:22:40","modified_gmt":"2021-02-15T10:22:40","slug":"allround-motorradvermietung","status":"publish","type":"page","link":"https:\/\/www.motorradvermietung.de\/muenchen\/de\/","title":{"rendered":"Allround Motorradvermietung"},"content":{"rendered":"<p><\/p>\n<p class=\"editor__highlight editor__headline\">Standort M\u00fcnchen<\/p>\n<p class=\"editor__intro\">Allround Motorradvermietung ist eine der erfahrensten Motorradvermietungen in Deutschland.<\/p>\n<p>Seit mehr als 30 Jahren vermieten wir Motorr\u00e4der \u2013 vom Einsteigermotorrad \u00fcber Nakedbikes, Reiseenduros, Chopper, Tourer bis zum Supersportler habt Ihr die Auswahl aus \u00fcber 150 Motorr\u00e4dern.<\/p>","protected":false},"excerpt":{"rendered":"<p>Standort M\u00fcnchen Allround Motorradvermietung ist eine der erfahrensten Motorradvermietungen in Deutschland. Seit mehr als 30 Jahren vermieten wir Motorr\u00e4der \u2013 vom Einsteigermotorrad \u00fcber Nakedbikes, Reiseenduros, Chopper, Tourer bis zum Supersportler habt Ihr die Auswahl aus \u00fcber 150 Motorr\u00e4dern.<\/p>\n","protected":false},"author":1,"featured_media":0,"parent":0,"menu_order":0,"comment_status":"closed","ping_status":"closed","template":"page-bikes.php","meta":{"footnotes":""},"class_list":["post-55","page","type-page","status-publish","hentry"],"aioseo_notices":[],"_links":{"self":[{"href":"https:\/\/www.motorradvermietung.de\/muenchen\/de\/wp-json\/wp\/v2\/pages\/55","targetHints":{"allow":["GET"]}}],"collection":[{"href":"https:\/\/www.motorradvermietung.de\/muenchen\/de\/wp-json\/wp\/v2\/pages"}],"about":[{"href":"https:\/\/www.motorradvermietung.de\/muenchen\/de\/wp-json\/wp\/v2\/types\/page"}],"author":[{"embeddable":true,"href":"https:\/\/www.motorradvermietung.de\/muenchen\/de\/wp-json\/wp\/v2\/users\/1"}],"replies":[{"embeddable":true,"href":"https:\/\/www.motorradvermietung.de\/muenchen\/de\/wp-json\/wp\/v2\/comments?post=55"}],"version-history":[{"count":24,"href":"https:\/\/www.motorradvermietung.de\/muenchen\/de\/wp-json\/wp\/v2\/pages\/55\/revisions"}],"predecessor-version":[{"id":229,"href":"https:\/\/www.motorradvermietung.de\/muenchen\/de\/wp-json\/wp\/v2\/pages\/55\/revisions\/229"}],"wp:attachment":[{"href":"https:\/\/www.motorradvermietung.de\/muenchen\/de\/wp-json\/wp\/v2\/media?parent=55"}],"curies":[{"name":"wp","href":"https:\/\/api.w.org\/{rel}","templated":true}]}}