{"id":14,"date":"2017-07-03T14:37:47","date_gmt":"2017-07-03T12:37:47","guid":{"rendered":"https:\/\/www.motorradvermietung.de\/muenchen\/?page_id=14"},"modified":"2021-02-15T11:35:56","modified_gmt":"2021-02-15T10:35:56","slug":"ueber-uns","status":"publish","type":"page","link":"https:\/\/www.motorradvermietung.de\/muenchen\/pt\/ueber-uns","title":{"rendered":"Sobre n\u00f3s"},"content":{"rendered":"<p><\/p>\n<p class=\"editor__intro\">Seja para um passeio de um dia ou a sonhada viagem pela Europa, n\u00f3s temos a moto certa.<\/p>\n<p><img loading=\"lazy\" decoding=\"async\" class=\"alignright size-full\" src=\"https:\/\/www.motorradvermietung.de\/muenchen\/wp-content\/uploads\/sites\/4\/2017\/11\/frontpage-box-muenchen.png\" alt=\"\" width=\"450\" height=\"464\" \/>Quase todas podem alugadas com malas laterais, top case e sistemas de navega\u00e7\u00e3o.<\/p>\n<p>Alugamos motocicletas dos fabricantes BMW, KTM, Kawasaki, Harley Davidson, Honda e Yamaha.<\/p>\n<p>Somos motociclistas de paix\u00e3o e experientes &#8211; entre em <a href=\"http:\/\/sandbox.motorradvermietung.de\/muenchen\/pt\/buchungsanfrage\/\">contato conosco<\/a>, ser\u00e1 um prazer aconselh\u00e1-lo.<\/p>\n<h2>Alugamos motocicletas desde 1987<\/h2>\n<p>De choppers pequenas, Big Trails\/Adventure at\u00e9 super esportivas. Para iniciantes, experientes e viajadores, oferecemos uma vasta variedade com uma frota de cerca 150 motocicletas. <span class=\"\">Uma lista de todos os ve\u00edculos pode ser encontrada na vis\u00e3o geral.<\/span><\/p>\n<p>Capacetes, jaquetas, sistemas de navega\u00e7\u00e3o, equipamento de chuva, malas e malas de tanque podem ser adicionadas \u00e0 sua moto de escolha. N\u00f3s o equipamos, com tudo o que voc\u00ea precisa para o uma viajem grande ou simples passeio &#8211; clique nos acess\u00f3rios.<\/p>\n<h2>Qualidade e manuten\u00e7\u00e3o<\/h2>\n<p>As motos s\u00e3o revisadas regularmente em nossa oficina e verificadas antes de cada entrega.<\/p>\n<p>Fale com a gente,<br \/>\nporque andar de moto \u00e9 nossa paix\u00e3o.<\/p>\n<p><strong>Ser\u00e1 um prazer aconselh\u00e1-lo!<\/strong><\/p>","protected":false},"excerpt":{"rendered":"<p>Seja para um passeio de um dia ou a sonhada viagem pela Europa, n\u00f3s temos a moto certa. Quase todas podem alugadas com malas laterais, top case e sistemas de navega\u00e7\u00e3o. Alugamos motocicletas dos fabricantes BMW, KTM, Kawasaki, Harley Davidson, Honda e Yamaha. Somos motociclistas de paix\u00e3o e experientes &#8211; entre em contato conosco, ser\u00e1 [&hellip;]<\/p>\n","protected":false},"author":1,"featured_media":0,"parent":0,"menu_order":0,"comment_status":"closed","ping_status":"closed","template":"","meta":{"footnotes":""},"class_list":["post-14","page","type-page","status-publish","hentry"],"aioseo_notices":[],"_links":{"self":[{"href":"https:\/\/www.motorradvermietung.de\/muenchen\/pt\/wp-json\/wp\/v2\/pages\/14","targetHints":{"allow":["GET"]}}],"collection":[{"href":"https:\/\/www.motorradvermietung.de\/muenchen\/pt\/wp-json\/wp\/v2\/pages"}],"about":[{"href":"https:\/\/www.motorradvermietung.de\/muenchen\/pt\/wp-json\/wp\/v2\/types\/page"}],"author":[{"embeddable":true,"href":"https:\/\/www.motorradvermietung.de\/muenchen\/pt\/wp-json\/wp\/v2\/users\/1"}],"replies":[{"embeddable":true,"href":"https:\/\/www.motorradvermietung.de\/muenchen\/pt\/wp-json\/wp\/v2\/comments?post=14"}],"version-history":[{"count":10,"href":"https:\/\/www.motorradvermietung.de\/muenchen\/pt\/wp-json\/wp\/v2\/pages\/14\/revisions"}],"predecessor-version":[{"id":227,"href":"https:\/\/www.motorradvermietung.de\/muenchen\/pt\/wp-json\/wp\/v2\/pages\/14\/revisions\/227"}],"wp:attachment":[{"href":"https:\/\/www.motorradvermietung.de\/muenchen\/pt\/wp-json\/wp\/v2\/media?parent=14"}],"curies":[{"name":"wp","href":"https:\/\/api.w.org\/{rel}","templated":true}]}}