{"id":22,"date":"2017-07-03T14:42:44","date_gmt":"2017-07-03T12:42:44","guid":{"rendered":"https:\/\/www.motorradvermietung.de\/muenchen\/?page_id=22"},"modified":"2024-03-13T07:49:55","modified_gmt":"2024-03-13T06:49:55","slug":"buchungsanfrage","status":"publish","type":"page","link":"https:\/\/www.motorradvermietung.de\/muenchen\/pt\/buchungsanfrage","title":{"rendered":"Reservas"},"content":{"rendered":"<p><span id=\"result_box\" class=\"\" lang=\"pt\">Nesta p\u00e1gina voc\u00ea pode facilmente e convenientemente efetuar um pedido de reserva para o per\u00edodo desejado. Voc\u00ea pode nos ligar ou usar o formul\u00e1rio on-line.<\/span><\/p>\n<p><span class=\"\">Dica: se voc\u00ea sabe exatamente qual moto deseja alugar e o per\u00edodo, voc\u00ea pode selecionar sua <a href=\"https:\/\/www.motorradvermietung.de\/muenchen\/pt\/motorraeder\/\">moto aqui <\/a>e fazer uma reserva vinculativa.<\/span><\/p>\n<h2><span id=\"result_box\" class=\"\" lang=\"pt\"><span class=\"\">Pedido por telefone\u00a0<\/span><\/span><\/h2>\n<p>Telefon: +49 (0)69-56 00 92 0<\/p>","protected":false},"excerpt":{"rendered":"<p>Nesta p\u00e1gina voc\u00ea pode facilmente e convenientemente efetuar um pedido de reserva para o per\u00edodo desejado. Voc\u00ea pode nos ligar ou usar o formul\u00e1rio on-line. Dica: se voc\u00ea sabe exatamente qual moto deseja alugar e o per\u00edodo, voc\u00ea pode selecionar sua moto aqui e fazer uma reserva vinculativa. Pedido por telefone\u00a0 Telefon: +49 (0)69-56 00 [&hellip;]<\/p>\n","protected":false},"author":1,"featured_media":0,"parent":0,"menu_order":0,"comment_status":"closed","ping_status":"closed","template":"page-inquiry.php","meta":{"footnotes":""},"class_list":["post-22","page","type-page","status-publish","hentry"],"aioseo_notices":[],"_links":{"self":[{"href":"https:\/\/www.motorradvermietung.de\/muenchen\/pt\/wp-json\/wp\/v2\/pages\/22","targetHints":{"allow":["GET"]}}],"collection":[{"href":"https:\/\/www.motorradvermietung.de\/muenchen\/pt\/wp-json\/wp\/v2\/pages"}],"about":[{"href":"https:\/\/www.motorradvermietung.de\/muenchen\/pt\/wp-json\/wp\/v2\/types\/page"}],"author":[{"embeddable":true,"href":"https:\/\/www.motorradvermietung.de\/muenchen\/pt\/wp-json\/wp\/v2\/users\/1"}],"replies":[{"embeddable":true,"href":"https:\/\/www.motorradvermietung.de\/muenchen\/pt\/wp-json\/wp\/v2\/comments?post=22"}],"version-history":[{"count":15,"href":"https:\/\/www.motorradvermietung.de\/muenchen\/pt\/wp-json\/wp\/v2\/pages\/22\/revisions"}],"predecessor-version":[{"id":288,"href":"https:\/\/www.motorradvermietung.de\/muenchen\/pt\/wp-json\/wp\/v2\/pages\/22\/revisions\/288"}],"wp:attachment":[{"href":"https:\/\/www.motorradvermietung.de\/muenchen\/pt\/wp-json\/wp\/v2\/media?parent=22"}],"curies":[{"name":"wp","href":"https:\/\/api.w.org\/{rel}","templated":true}]}}