{"id":55,"date":"2017-07-03T15:07:30","date_gmt":"2017-07-03T13:07:30","guid":{"rendered":"https:\/\/www.motorradvermietung.de\/muenchen\/?page_id=55"},"modified":"2021-02-15T11:22:40","modified_gmt":"2021-02-15T10:22:40","slug":"allround-motorradvermietung","status":"publish","type":"page","link":"https:\/\/www.motorradvermietung.de\/muenchen\/pt\/","title":{"rendered":"Allround Aluguel de motos"},"content":{"rendered":"<p><\/p>\n<p class=\"editor__highlight editor__headline\">Local Munique<\/p>\n<p class=\"editor__intro\">Allround Rentals \u00e9 uma das empresas de aluguel de motos mais experientes da Alemanha.<\/p>\n<p>H\u00e1 mais de 30 anos, alugamos motocicletas &#8211; desde a motos para iniciantes, Naked, Big Trail\/Adventure, Chopper, Tourer at\u00e9 super esportivas, voc\u00ea tem a op\u00e7\u00e3o de mais de 150 motocicletas.<\/p>","protected":false},"excerpt":{"rendered":"<p>Local Munique Allround Rentals \u00e9 uma das empresas de aluguel de motos mais experientes da Alemanha. H\u00e1 mais de 30 anos, alugamos motocicletas &#8211; desde a motos para iniciantes, Naked, Big Trail\/Adventure, Chopper, Tourer at\u00e9 super esportivas, voc\u00ea tem a op\u00e7\u00e3o de mais de 150 motocicletas.<\/p>\n","protected":false},"author":1,"featured_media":0,"parent":0,"menu_order":0,"comment_status":"closed","ping_status":"closed","template":"page-bikes.php","meta":{"footnotes":""},"class_list":["post-55","page","type-page","status-publish","hentry"],"aioseo_notices":[],"_links":{"self":[{"href":"https:\/\/www.motorradvermietung.de\/muenchen\/pt\/wp-json\/wp\/v2\/pages\/55","targetHints":{"allow":["GET"]}}],"collection":[{"href":"https:\/\/www.motorradvermietung.de\/muenchen\/pt\/wp-json\/wp\/v2\/pages"}],"about":[{"href":"https:\/\/www.motorradvermietung.de\/muenchen\/pt\/wp-json\/wp\/v2\/types\/page"}],"author":[{"embeddable":true,"href":"https:\/\/www.motorradvermietung.de\/muenchen\/pt\/wp-json\/wp\/v2\/users\/1"}],"replies":[{"embeddable":true,"href":"https:\/\/www.motorradvermietung.de\/muenchen\/pt\/wp-json\/wp\/v2\/comments?post=55"}],"version-history":[{"count":24,"href":"https:\/\/www.motorradvermietung.de\/muenchen\/pt\/wp-json\/wp\/v2\/pages\/55\/revisions"}],"predecessor-version":[{"id":229,"href":"https:\/\/www.motorradvermietung.de\/muenchen\/pt\/wp-json\/wp\/v2\/pages\/55\/revisions\/229"}],"wp:attachment":[{"href":"https:\/\/www.motorradvermietung.de\/muenchen\/pt\/wp-json\/wp\/v2\/media?parent=55"}],"curies":[{"name":"wp","href":"https:\/\/api.w.org\/{rel}","templated":true}]}}