{"id":84,"date":"2017-11-06T13:57:09","date_gmt":"2017-11-06T12:57:09","guid":{"rendered":"https:\/\/www.motorradvermietung.de\/?page_id=84"},"modified":"2024-03-06T14:24:27","modified_gmt":"2024-03-06T13:24:27","slug":"impressum","status":"publish","type":"page","link":"https:\/\/www.motorradvermietung.de\/pt\/impressum","title":{"rendered":"Institucional"},"content":{"rendered":"<p><\/p>\n<h2>Allround Motorradvermietung &amp; H.M. Motorradhaus<\/h2>\n<p>Allround Motorradvermietung<br \/>\nMax-Holder-Str. 5<br \/>\n60437 Frankfurt<br \/>\nAlemanha<\/p>\n<p>Tel.: +49 (0)69 &#8211; 56 00 92 0<\/p>\n<p>Web: sandbox.motorradvermietung.de<br \/>\nE-Mail: info@motorradvermietung.de<\/p>\n<p>CEO: Peter Meisel<\/p>\n<p>CNPJ: DE 162616564<\/p>\n<p><span id=\"result_box\" class=\"\" lang=\"pt\"><span class=\"\">Advert\u00eancia: Apesar do controle cuidadoso de conte\u00fado, n\u00e3o assumimos responsabilidade pelo conte\u00fado de links externos.<\/span> <span class=\"\">O conte\u00fado das p\u00e1ginas vinculadas \u00e9 da exclusiva responsabilidade de seus operadores.<\/span><\/span><\/p>\n<h2>Webdesign e P<span id=\"result_box\" class=\"short_text\" lang=\"pt\"><span class=\"\">rograma\u00e7\u00e3o<\/span><\/span><\/h2>\n<p>Dots United GmbH<br \/>\nAgentur f\u00fcr digitale Medien<br \/>\nJungbuschstra\u00dfe 8<br \/>\n68159 Mannheim<\/p>\n<p>Tel.: +49 (0)621 &#8211; 4 23 68 86<\/p>\n<p>Web: <a href=\"https:\/\/dotsunited.de\">www.dotsunited.de<\/a><\/p>","protected":false},"excerpt":{"rendered":"<p>Allround Motorradvermietung &amp; H.M. Motorradhaus Allround Motorradvermietung Max-Holder-Str. 5 60437 Frankfurt Alemanha Tel.: +49 (0)69 &#8211; 56 00 92 0 Web: sandbox.motorradvermietung.de E-Mail: info@motorradvermietung.de CEO: Peter Meisel CNPJ: DE 162616564 Advert\u00eancia: Apesar do controle cuidadoso de conte\u00fado, n\u00e3o assumimos responsabilidade pelo conte\u00fado de links externos. O conte\u00fado das p\u00e1ginas vinculadas \u00e9 da exclusiva responsabilidade de [&hellip;]<\/p>\n","protected":false},"author":1,"featured_media":0,"parent":0,"menu_order":0,"comment_status":"closed","ping_status":"closed","template":"","meta":{"footnotes":""},"class_list":["post-84","page","type-page","status-publish","hentry"],"aioseo_notices":[],"_links":{"self":[{"href":"https:\/\/www.motorradvermietung.de\/pt\/wp-json\/wp\/v2\/pages\/84","targetHints":{"allow":["GET"]}}],"collection":[{"href":"https:\/\/www.motorradvermietung.de\/pt\/wp-json\/wp\/v2\/pages"}],"about":[{"href":"https:\/\/www.motorradvermietung.de\/pt\/wp-json\/wp\/v2\/types\/page"}],"author":[{"embeddable":true,"href":"https:\/\/www.motorradvermietung.de\/pt\/wp-json\/wp\/v2\/users\/1"}],"replies":[{"embeddable":true,"href":"https:\/\/www.motorradvermietung.de\/pt\/wp-json\/wp\/v2\/comments?post=84"}],"version-history":[{"count":8,"href":"https:\/\/www.motorradvermietung.de\/pt\/wp-json\/wp\/v2\/pages\/84\/revisions"}],"predecessor-version":[{"id":167,"href":"https:\/\/www.motorradvermietung.de\/pt\/wp-json\/wp\/v2\/pages\/84\/revisions\/167"}],"wp:attachment":[{"href":"https:\/\/www.motorradvermietung.de\/pt\/wp-json\/wp\/v2\/media?parent=84"}],"curies":[{"name":"wp","href":"https:\/\/api.w.org\/{rel}","templated":true}]}}